{"id":3511,"date":"2024-11-12T15:48:50","date_gmt":"2024-11-12T15:48:50","guid":{"rendered":"https:\/\/elteukitdigital.cat\/assisoft-nova\/?page_id=3511"},"modified":"2025-06-18T15:38:58","modified_gmt":"2025-06-18T15:38:58","slug":"kit-consulting","status":"publish","type":"page","link":"https:\/\/assisoft.com\/esp\/kit-consulting\/","title":{"rendered":"Kit Consulting"},"content":{"rendered":"<p>[et_pb_section fb_built=\u201d1\u2033 _builder_version=\u201d4.27.3\u2033 _module_preset=\u201ddefault\u201d use_background_color_gradient=\u201don\u201d background_color_gradient_stops=\u201drgba(255,255,255,0.1) 0%|rgba(255,255,255,0.1) 100%\u201d background_color_gradient_overlays_image=\u201don\u201d background_image=\u201dhttps:\/\/assisoft.com\/wp-content\/uploads\/2024\/11\/kit-consulting.jpg\u201d background_position\u2033 height=\u201d103vh\u201d custom_margin=\u201d-100px||||false|false\u201d global_colors_info=\u201d{}\u201d][et_pb_row make_equal=\u201don\u201d _builder_version=\u201d4.20.0\u2033 _module_preset=\u201ddefault\u201d height=\u201d1 custom_css_main_element=\u201ddisplay: flex;||flex-direction: column;||justify-content: center;\u201d global_colors_info=\u201d{}\u201d][et_pb_column type=\u201d4_4\u2033 _builder_version=\u201d4.20.0\u2033 _module_preset=\u201ddefault\u201d global_colors_info=\u201d{}\u201d][et_pb_text _builder_version=\u201d4.27.3\u2033 _module_pres header_font=\u201dPoppins||||||||\u201d header_text_align=\u201dcenter\u201d header_font_size=\u201d48px\u201d header_2_font=\u201dPoppins|300|||||||\u201d header_2_text_align=\u201dcenter\u201d custom_css_main_element=\u201dtext-shadow: 0px 1px 8px rgba(255,255,255,0.6);\u201d global_colors_info=\u201d{}\u201d]<\/p>\n<h1>Kit Consulting<\/h1>\n<h2>Queremos ser tu Asesor Digital Adherido<\/h2>\n<p>[\/et_pb_text][\/et_pb_column][\/et_pb_row][\/et_pb_section][et_pb_section fb_built=\u201d1\u2033 _builder_version=\u201d4.25.2\u2033 _module_preset=\u201ddefault\u201d background_color=\u201d#fcf custom_padding=\u201d0px||||false|false\u201d global_colors_info=\u201d{}\u201d][et_pb_row _builder_version=\u201d4.20.0\u2033 _module_preset=\u201ddefault\u201d global_colors_info=\u201d{}\u201d][et_pb_column type=\u201d4_2\u2033=. _module_preset=\u201ddefault\u201d global_colors_info=\u201d{}\u201d][et_pb_image src=\u201dhttps:\/\/assisoft.com\/wp-content\/uploads\/2024\/04\/logos-kit-digital.png\u201d alt=\u201dLogos del Kit Digital\u201d title_text=\u201dLogos del Kit Digital\u201d_\u2033 _module_preset=\u201ddefault\u201d global_colors_info=\u201d{}\u201d][\/et_pb_image][et_pb_text _builder_version=\u201d4.25.1\u2033 _module_preset=\u201ddefault\u201d text_orientation=\u201dcenter\u201d global<br \/>\n\u201cNext Generation EU\u201d, con el que se pretende incentivar la transformaci\u00f3n digital a pymes y aut\u00f3nomos[\/et_pb_text][\/et_pb_column][\/et_pb_row][\/et_pb_section][et_pb_section fb_built=&#8221;1&#8243; _builder_version=&#8221;4.25.2&#8243; _module_preset=&#8221;default&#8221; global_colors_info=&#8221;{}&#8221;][et_pb_row _builder_version=&#8221;4.25.2&#8243; _module_preset=&#8221;default&#8221; global_colors_info=&#8221;{}&#8221;][et_pb_column type=&#8221;4_4&#8243; _builder_version=&#8221;4.25.2&#8243; _module_preset=&#8221;default&#8221; global_colors_info=&#8221;{}&#8221;][et_pb_text _builder_version=&#8221;4.27.4&#8243; _module_preset=&#8221;default&#8221; text_font=&#8221;Poppins||||||||&#8221; text_text_color=&#8221;#ff6600&#8243; text_font_size=&#8221;40px&#8221; text_line_height=&#8221;1.3em&#8221; header_3_font=&#8221;Poppins||||||||&#8221; header_3_text_color=&#8221;#ff6600&#8243; text_orientation=&#8221;center&#8221; global_colors_info=&#8221;{}&#8221;]Com a Assessor Digital Adherit i Representant Voluntari, tramitem la subvenci\u00f3 i implementem les solucions del Kit Consulting.[\/et_pb_text][\/et_pb_column][\/et_pb_row][\/et_pb_section][et_pb_section fb_built=&#8221;1&#8243; _builder_version=&#8221;4.20.0&#8243; _module_preset=&#8221;default&#8221; background_color=&#8221;#fcfcfc&#8221; global_colors_info=&#8221;{}&#8221;][et_pb_row _builder_version=&#8221;4.20.0&#8243; _module_preset=&#8221;default&#8221; global_colors_info=&#8221;{}&#8221;][et_pb_column type=&#8221;4_4&#8243; _builder_version=&#8221;4.20.0&#8243; _module_preset=&#8221;default&#8221; global_colors_info=&#8221;{}&#8221;][et_pb_image src=&#8221;https:\/\/assisoft.com\/wp-content\/uploads\/2024\/12\/logo-kit-consulting.png&#8221; alt=&#8221;Logo de Kit Consulting&#8221; title_text=&#8221;Logo de Kit Consulting&#8221; _builder_version=&#8221;4.27.4&#8243; _module_preset=&#8221;default&#8221; width=&#8221;200px&#8221; global_colors_info=&#8221;{}&#8221;][\/et_pb_image][et_pb_text _builder_version=&#8221;4.27.3&#8243; _module_preset=&#8221;default&#8221; text_font=&#8221;Poppins||||||||&#8221; text_text_color=&#8221;#000000&#8243; text_font_size=&#8221;40px&#8221; text_line_height=&#8221;1em&#8221; global_colors_info=&#8221;{}&#8221;]AT-IA[\/et_pb_text][et_pb_text _builder_version=&#8221;4.27.3&#8243; _module_preset=&#8221;default&#8221; header_2_font=&#8221;Poppins||||||||&#8221; custom_margin=&#8221;||0px||false|false&#8221; global_colors_info=&#8221;{}&#8221;]<\/p>\n<h2>Servicio de Asesoramiento en inteligencia artificial<\/h2>\n<p>[\/et_pb_text][et_pb_text _builder_version=\u201d4.27.3\u2033 _module_preset=\u201ddefault\u201d header_3_font=\u201dPoppins|||||||||\u201d global_colors_info=\u201d{}\u201d]<\/p>\n<h3>Optimiza tu negocio con soluciones de inteligencia artificial de \u00faltima generaci\u00f3n<\/h3>\n<p>[\/et_pb_text][et_pb_text _builder_version=\u201d4.25.2\u2033 _module_preset=\u201ddefault\u201d text_font=\u201dPoppins|||||||||\u201d text_text_color=\u201d#ff6600\u2033 text_font_size=\u201d22px\u201d header_3_font=\u201dPoppins||||||||| header_3_text_color=\u201d#ff6600\u2033 global_colors_info=\u201d{}\u201d]100% subvencionado[\/et_pb_text][et_pb_text _builder_version=\u201d4.27.3\u2033 _module_preset=\u201d0 default\u201d text_font=\u201dPoppins| text_font_size=\u201d16px\u201d header_3_font=\u201dPoppins||||||||\u201d custom_margin=\u201d||||false|false\u201d global_colors_info=\u201d{}\u201d]<\/p>\n<p>Hasta 6000\u20ac *<\/p>\n<p>[\/et_pb_text][et_pb_text _builder_version=\u201d4.27.3\u2033 _module_preset=\u201ddefault\u201d text_font=\u201dPoppins|300||||||||\u201d text_font_size=\u201d16px\u201d header_3_font=\u201dPoppins||||||||\u201d custom_padding=\u201d|||20px|false|false\u201d global_colors_info=\u201d{}\u201d]<\/p>\n<ul>\n<li>Identificaci\u00f3n de conjuntos de datos relevantes para la implementaci\u00f3n de algoritmos de IA, as\u00ed podr\u00e1s tener una mejor comprensi\u00f3n de la informaci\u00f3n de tu pyme.<\/li>\n<li>Asesorarte para la creaci\u00f3n de protocolos de gobernanza de datos con normativas de IA, garantizando su validez y veracidad cuando aplique la IA.<\/li>\n<li>Analizar herramientas de IA para la gesti\u00f3n de datos, haciendo recomendaciones basadas en la realidad y capacidad de inversi\u00f3n de tu pyme.<\/li>\n<li>Orientarte sobre c\u00f3mo las t\u00e9cnicas de IA pueden derivar informaci\u00f3n valiosa a partir de los datos existentes para impulsar la toma de decisiones estrat\u00e9gicas.<\/li>\n<li>Capacitarte en el uso estrat\u00e9gico de las t\u00e9cnicas de IA en el manejo de datos.<\/li>\n<li>Desarrollar y ejecutar un caso de uso adaptado al negocio relacionado con la aplicaci\u00f3n de la inteligencia artificial.<\/li>\n<\/ul>\n<p>[\/et_pb_text][et_pb_text _builder_version=\u201d4.27.3\u2033 _module_preset=\u201ddefault\u201d text_font=\u201dPoppins|300||||||||\u201d text_font_size=\u201d16px\u201d header_3_font=\u201dPoppins||||||||\u201d global_colors_info=\u201d{}\u201d]Oferta para cualquier sector productivo, subvencionada, a fondo perdido y dirigida a:<br \/>\n<strong style=\"font-size: 14px;\">12.000 \u20ac<\/strong><span style=\"font-size: 14px;\">. Entre 10 y menos de 50 empleados<br \/>\n<\/span><span style=\"font-size: 14px;\"><strong>18.000 \u20ac<\/strong>. Entre 50 y menos de 100 empleados<br \/>\n<\/span><strong style=\"font-size: 14px;\">24.000 \u20ac<\/strong><span style=\"font-size: 14px;\">. Entre 100 y menos de 250 empleados<\/span>[\/et_pb_text][\/et_pb_column][\/et_pb_row][et_pb_row _builder_version=&#8221;4.20.0&#8243; _module_preset=&#8221;default&#8221; global_colors_info=&#8221;{}&#8221;][et_pb_column type=&#8221;4_4&#8243; _builder_version=&#8221;4.20.0&#8243; _module_preset=&#8221;default&#8221; global_colors_info=&#8221;{}&#8221;][et_pb_button button_url=&#8221;@ET-DC@eyJkeW5hbWljIjp0cnVlLCJjb250ZW50IjoicG9zdF9saW5rX3VybF9wYWdlIiwic2V0dGluZ3MiOnsicG9zdF9pZCI6IjY3In19@&#8221; button_text=&#8221;M&#8217;interessa&#8221; button_alignment=&#8221;center&#8221; _builder_version=&#8221;4.20.0&#8243; _dynamic_attributes=&#8221;button_url&#8221; _module_preset=&#8221;default&#8221; custom_button=&#8221;on&#8221; button_text_color=&#8221;#FFFFFF&#8221; button_bg_color=&#8221;#ffa727&#8243; button_border_width=&#8221;0px&#8221; button_border_radius=&#8221;0px&#8221; button_letter_spacing=&#8221;2px&#8221; button_font=&#8221;Poppins|||on|||||&#8221; global_colors_info=&#8221;{}&#8221;][\/et_pb_button][\/et_pb_column][\/et_pb_row][\/et_pb_section][et_pb_section fb_built=&#8221;1&#8243; module_id=&#8221;contacte&#8221; _builder_version=&#8221;4.27.0&#8243; _module_preset=&#8221;default&#8221; locked=&#8221;off&#8221; global_colors_info=&#8221;{}&#8221;][et_pb_row _builder_version=&#8221;4.20.0&#8243; _module_preset=&#8221;default&#8221; locked=&#8221;off&#8221; global_colors_info=&#8221;{}&#8221;][et_pb_column type=&#8221;4_4&#8243; _builder_version=&#8221;4.20.0&#8243; _module_preset=&#8221;default&#8221; global_colors_info=&#8221;{}&#8221;][et_pb_text _builder_version=&#8221;4.27.0&#8243; _module_preset=&#8221;default&#8221; header_2_font=&#8221;Montserrat|600||on|||||&#8221; header_2_text_align=&#8221;center&#8221; header_2_font_size=&#8221;42px&#8221; header_3_font=&#8221;Roboto||||||||&#8221; custom_margin=&#8221;||15px||false|false&#8221; global_colors_info=&#8221;{}&#8221;]<\/p>\n<h2><span style=\"font-family: Roboto; font-weight: 300;\">\u00bfHablamos? Env\u00edanos tus datos <\/span><br \/>\ny nos pondremos en contacto contigo<\/h2>\n<p>[\/et_pb_text][et_pb_divider color=&#8221;#F9BE58&#8243; divider_weight=&#8221;3px&#8221; _builder_version=&#8221;4.27.0&#8243; _module_preset=&#8221;default&#8221; width=&#8221;30%&#8221; module_alignment=&#8221;center&#8221; custom_margin=&#8221;||10px||false|false&#8221; locked=&#8221;off&#8221; global_colors_info=&#8221;{}&#8221;][\/et_pb_divider][\/et_pb_column][\/et_pb_row][et_pb_row column_structure=&#8221;1_2,1_2&#8243; make_equal=&#8221;on&#8221; _builder_version=&#8221;4.20.0&#8243; _module_preset=&#8221;default&#8221; max_width=&#8221;1300px&#8221; locked=&#8221;off&#8221; global_colors_info=&#8221;{}&#8221;][et_pb_column type=&#8221;1_2&#8243; _builder_version=&#8221;4.20.0&#8243; _module_preset=&#8221;default&#8221; global_colors_info=&#8221;{}&#8221;][et_pb_code _builder_version=&#8221;4.27.4&#8243; _module_preset=&#8221;default&#8221; hover_enabled=&#8221;0&#8243; global_colors_info=&#8221;{}&#8221; sticky_enabled=&#8221;0&#8243; locked=&#8221;off&#8221;]  <link href=\"https:\/\/fonts.googleapis.com\/css2?family=Open+Sans&#038;display=swap\" rel=\"stylesheet\">  <!-- [et_pb_line_break_holder] --><\/p>\n<form action=\"https:\/\/formsubmit.co\/2898395b152279af6dd84a8901dc1d56\" method=\"POST\"><!-- [et_pb_line_break_holder] --><!-- [et_pb_line_break_holder] -->    <!-- Nom --><!-- [et_pb_line_break_holder] -->    <\/p>\n<div style=\"margin-bottom: 1em;\"><!-- [et_pb_line_break_holder] -->      <input type=\"text\" name=\"nom\" placeholder=\"Nombre *\" required<!--no numeric noise key 1038-->        style=&#8221;width: 100%; padding: 0.9em; border: 2px solid #000; font-size: 1em; box-sizing: border-box;&#8221;><!-- [et_pb_line_break_holder] -->    <\/div>\n<p><!-- [et_pb_line_break_holder] --><!-- [et_pb_line_break_holder] -->    <!-- Tel\u00e8fon + Email --><!-- [et_pb_line_break_holder] -->    <\/p>\n<div style=\"display: flex; gap: 1em; margin-bottom: 1em;\"><!-- [et_pb_line_break_holder] -->      <input type=\"tel\" name=\"telefon\" placeholder=\"Tel\u00e9fono\"<!--no numeric noise key 1031-->        style=&#8221;flex:1; padding: 0.9em; border: 2px solid #000; font-size: 1em; box-sizing: border-box;&#8221;><!-- [et_pb_line_break_holder] -->      <input type=\"email\" name=\"email\" placeholder=\"Direcci\u00f3n de correo electr\u00f3nico *\" required<!--no numeric noise key 1029-->        style=&#8221;flex:1; padding: 0.9em; border: 2px solid #000; font-size: 1em; box-sizing: border-box;&#8221;><!-- [et_pb_line_break_holder] -->    <\/div>\n<p><!-- [et_pb_line_break_holder] --><!-- [et_pb_line_break_holder] -->    <!-- Missatge --><!-- [et_pb_line_break_holder] -->    <\/p>\n<div style=\"margin-bottom: 1em;\"><!-- [et_pb_line_break_holder] -->      <textarea name=\"missatge\" placeholder=\"Mensaje *\" required<!--no numeric noise key 1022-->        style=&#8221;width: 100%; height: 150px; padding: 0.9em; border: 2px solid #000; font-size: 1em; box-sizing: border-box; resize: vertical;&#8221;><\/textarea><!-- [et_pb_line_break_holder] -->    <\/div>\n<p><!-- [et_pb_line_break_holder] --><!-- [et_pb_line_break_holder] -->    <!-- Checkbox pol\u00edtica --><!-- [et_pb_line_break_holder] -->    <\/p>\n<div style=\"margin-bottom: 2em; font-size: 1em; display: flex; align-items: center; gap: 0.5em; color: #555;\"><!-- [et_pb_line_break_holder] -->      <label style=\"display: flex; align-items: center; gap: 0.5em; cursor: pointer; color: #555;\"><!-- [et_pb_line_break_holder] -->        <input type=\"checkbox\" name=\"privadesa\" required <!--no numeric noise key 1014-->               style=&#8221;width: 18px; height: 18px; border: 2px solid #000; display: inline-block; margin: 0; cursor: pointer;&#8221;><!-- [et_pb_line_break_holder] -->        Acepto la <a href=\"https:\/\/assisoft.com\/esp\/politica-de-privacidad\/\" target=\"_blank\" style=\"color: #555; font-weight: bold; text-decoration: underline;\">Pol\u00edtica de privacidad<\/a><!-- [et_pb_line_break_holder] -->      <\/label><!-- [et_pb_line_break_holder] -->    <\/div>\n<p><!-- [et_pb_line_break_holder] --><!-- [et_pb_line_break_holder] -->    <!-- Bot\u00f3 --><!-- [et_pb_line_break_holder] -->    <\/p>\n<div style=\"text-align: right;\"><!-- [et_pb_line_break_holder] -->      <button type=\"submit\"<!--no numeric noise key 1005-->        style=&#8221;background-color: #000000; color: white; border: none; padding: 10px 20px; font-size: 1em; cursor: pointer; border-radius: 4px; font-family: &#8216;Open Sans&#8217;; font-size: 20px&#8221;><!-- [et_pb_line_break_holder] -->        Env\u00eda<!-- [et_pb_line_break_holder] -->      <\/button><!-- [et_pb_line_break_holder] -->    <\/div>\n<p><!-- [et_pb_line_break_holder] --><!-- [et_pb_line_break_holder] -->  <\/form>\n<p>[\/et_pb_code][et_pb_text _builder_version=&#8221;4.20.0&#8243; _module_preset=&#8221;default&#8221; link_text_color=&#8221;#000000&#8243; locked=&#8221;off&#8221; global_colors_info=&#8221;{}&#8221;]<\/p>\n<p>Este sitio est\u00e1 protegido por reCAPTCHA y se aplican la <a href=\"https:\/\/policies.google.com\/privacy\">Pol\u00edtica de privacidad<\/a> y las <a href=\"https:\/\/policies.google.com\/terms\">Condiciones del servicio<\/a> de Google.<\/p>\n<p>[\/et_pb_text][\/et_pb_column][et_pb_column type=\u201d1_2\u2033 _builder_version=\u201d4.20.0\u2033 _module_preset=\u201ddefault\u201d custom_css_main_element=\u201ddisplay: flex;||flex-direction: column;||justify-content global_colors_info=\u201d{}\u201d][et_pb_image src=\u201dhttps:\/\/assisoft.com\/wp-content\/uploads\/2023\/02\/logo-assisoft.png\u201d alt=\u201dLogo de Assisoft\u201d title_text=\u201dLogo de Assisoft\u201d align=\u201dcenter\u201d _builder_version. _module_preset=\u201ddefault\u201d width=\u201d40%\u201d global_colors_info=\u201d{}\u201d][\/et_pb_image][et_pb_text _builder_version=\u201d4.20.0\u2033 _module_preset=\u201ddefault\u201d text_font=\u201dPoppins||||| text_font_size=\u201d17px\u201d text_orientation=\u201dcenter\u201d global_colors_info=\u201d{}\u201d]<\/p>\n<p>Abiertos de 9:00 a 19:00<\/p>\n<p>[\/et_pb_text][et_pb_social_media_follow _builder_version=\u201d4.20.0\u2033 _module_preset=\u201ddefault\u201d text_orientation=\u201dcenter\u201d global_colors_info=\u201d{}\u201d][et_pb_social_media_follow_network social_network=\u201dinstagram url=\u201dhttps:\/\/www.instagram.com\/assisoft_cat\/\u201d use_icon_font_size=\u201don\u201d icon_font_size=\u201d25px\u201d _builder_version=\u201d4.20.0\u2033 _module_preset=\u201ddefault\u201d background_color=\u201d#ea2c59\u2033 border_radii=\u201ddonde|30px|30px|30px|30px\u201d global_colors_info=\u201d{}\u201d follow_button=\u201doff\u201d url_new_window=\u201don\u201d]instagram[\/et_pb_social_media_follow_network][\/et_pb_social_media_follow][\/et_pb_column][\/et_pb_row][\/et_pb_section]<\/p>","protected":false},"excerpt":{"rendered":"<p>Kit Consulting Queremos ser tu Asesor Digital AdheridoEl programa Kit Digital es una iniciativa del Gobierno espa\u00f1ol financiado por la Uni\u00f3n Europea con fondos \u201cNext Generation EU\u201d, con el que se pretende incentivar la transformaci\u00f3n digital a pymes y aut\u00f3nomosComo Asesor Digital Adherido y Representante Voluntario, tramitamos la subvenci\u00f3n e implementamos las soluciones del Kit Consulting inteligencia artificialOptimiza tu negocio con soluciones de inteligencia artificial de \u00faltima generaci\u00f3n100% subvencionadoHasta 6000\u20ac * Identificaci\u00f3n de conjuntos de datos relevantes para la implementaci\u00f3n de algoritmos de IA, as\u00ed podr\u00e1s tener una mejor comprensi\u00f3n de la informaci\u00f3n de tu pyme. Asesorarte para la creaci\u00f3n de protocolos de gobernanza de datos con normativas de IA, garantizando su validez y veracidad cuando aplique la IA. Analizar herramientas de IA para la gesti\u00f3n de datos, haciendo recomendaciones basadas en la realidad y capacidad de inversi\u00f3n de tu pyme. Orientarte sobre c\u00f3mo las t\u00e9cnicas de IA pueden derivar informaci\u00f3n valiosa a partir de los datos existentes para impulsar la toma de decisiones estrat\u00e9gicas. Capacitarte en el uso estrat\u00e9gico de las t\u00e9cnicas de IA en el manejo de datos. Desarrollar y ejecutar un caso de uso adaptado al negocio relacionado con la aplicaci\u00f3n de la inteligencia artificial. Oferta [\u2026]<\/p>","protected":false},"author":1,"featured_media":0,"parent":0,"menu_order":0,"comment_status":"closed","ping_status":"closed","template":"","meta":{"_et_pb_use_builder":"on","_et_pb_old_content":"","_et_gb_content_width":"","_daim_seo_power":"","_daim_enable_ail":"","footnotes":""},"class_list":["post-3511","page","type-page","status-publish","hentry"],"yoast_head":"<!-- This site is optimized with the Yoast SEO Premium plugin v24.9 (Yoast SEO v27.3) - https:\/\/yoast.com\/product\/yoast-seo-premium-wordpress\/ -->\n<title>Kit Consulting - Assisoft, disseny WEB i SEO<\/title>\n<meta name=\"description\" content=\"Com a Assessor digital Adherit i Representant Voluntari, tramitem la subvenci\u00f3 i implementem les solucions del Kit Consulting.\" \/>\n<meta name=\"robots\" content=\"index, follow, max-snippet:-1, max-image-preview:large, max-video-preview:-1\" \/>\n<link rel=\"canonical\" href=\"https:\/\/assisoft.com\/esp\/kit-consulting\/\" \/>\n<meta property=\"og:locale\" content=\"es_ES\" \/>\n<meta property=\"og:type\" content=\"article\" \/>\n<meta property=\"og:title\" content=\"Kit Consulting\" \/>\n<meta property=\"og:description\" content=\"Com a Assessor digital Adherit i Representant Voluntari, tramitem la subvenci\u00f3 i implementem les solucions del Kit Consulting.\" \/>\n<meta property=\"og:url\" content=\"https:\/\/assisoft.com\/esp\/kit-consulting\/\" \/>\n<meta property=\"og:site_name\" content=\"Assisoft, disseny WEB i SEO\" \/>\n<meta property=\"article:modified_time\" content=\"2025-06-18T15:38:58+00:00\" \/>\n<meta property=\"og:image\" content=\"https:\/\/assisoft.com\/wp-content\/uploads\/2025\/02\/logo.png\" \/>\n\t<meta property=\"og:image:width\" content=\"2133\" \/>\n\t<meta property=\"og:image:height\" content=\"1201\" \/>\n\t<meta property=\"og:image:type\" content=\"image\/png\" \/>\n<meta name=\"twitter:card\" content=\"summary_large_image\" \/>\n<meta name=\"twitter:label1\" content=\"Est. reading time\" \/>\n\t<meta name=\"twitter:data1\" content=\"2 minutes\" \/>\n<script type=\"application\/ld+json\" class=\"yoast-schema-graph\">{\"@context\":\"https:\\\/\\\/schema.org\",\"@graph\":[{\"@type\":\"WebPage\",\"@id\":\"https:\\\/\\\/assisoft.com\\\/kit-consulting\\\/\",\"url\":\"https:\\\/\\\/assisoft.com\\\/kit-consulting\\\/\",\"name\":\"Kit Consulting - Assisoft, disseny WEB i SEO\",\"isPartOf\":{\"@id\":\"https:\\\/\\\/assisoft.com\\\/#website\"},\"datePublished\":\"2024-11-12T15:48:50+00:00\",\"dateModified\":\"2025-06-18T15:38:58+00:00\",\"description\":\"Com a Assessor digital Adherit i Representant Voluntari, tramitem la subvenci\u00f3 i implementem les solucions del Kit Consulting.\",\"breadcrumb\":{\"@id\":\"https:\\\/\\\/assisoft.com\\\/kit-consulting\\\/#breadcrumb\"},\"inLanguage\":\"es-ES\",\"potentialAction\":[{\"@type\":\"ReadAction\",\"target\":[\"https:\\\/\\\/assisoft.com\\\/kit-consulting\\\/\"]}]},{\"@type\":\"BreadcrumbList\",\"@id\":\"https:\\\/\\\/assisoft.com\\\/kit-consulting\\\/#breadcrumb\",\"itemListElement\":[{\"@type\":\"ListItem\",\"position\":1,\"name\":\"Inici\",\"item\":\"https:\\\/\\\/assisoft.com\\\/\"},{\"@type\":\"ListItem\",\"position\":2,\"name\":\"Kit Consulting\"}]},{\"@type\":\"WebSite\",\"@id\":\"https:\\\/\\\/assisoft.com\\\/#website\",\"url\":\"https:\\\/\\\/assisoft.com\\\/\",\"name\":\"Assisoft, disseny WEB i SEO\",\"description\":\"\",\"publisher\":{\"@id\":\"https:\\\/\\\/assisoft.com\\\/#organization\"},\"inLanguage\":\"es-ES\"},{\"@type\":\"Organization\",\"@id\":\"https:\\\/\\\/assisoft.com\\\/#organization\",\"name\":\"Assisoft, disseny WEB i SEO\",\"url\":\"https:\\\/\\\/assisoft.com\\\/\",\"logo\":{\"@type\":\"ImageObject\",\"inLanguage\":\"es-ES\",\"@id\":\"https:\\\/\\\/assisoft.com\\\/#\\\/schema\\\/logo\\\/image\\\/\",\"url\":\"https:\\\/\\\/assisoft.com\\\/wp-content\\\/uploads\\\/2025\\\/02\\\/logo.png\",\"contentUrl\":\"https:\\\/\\\/assisoft.com\\\/wp-content\\\/uploads\\\/2025\\\/02\\\/logo.png\",\"width\":2133,\"height\":1201,\"caption\":\"Assisoft, disseny WEB i SEO\"},\"image\":{\"@id\":\"https:\\\/\\\/assisoft.com\\\/#\\\/schema\\\/logo\\\/image\\\/\"},\"description\":\"Assisoft proporciona solucions tecnol\u00f2giques i serveis inform\u00e0tics orientats a la petita i mitjana empresa.\",\"email\":\"info@assisoft.com\",\"telephone\":\"687 03 44 04\",\"legalName\":\"Assisoft\",\"numberOfEmployees\":{\"@type\":\"QuantitativeValue\",\"minValue\":\"1\",\"maxValue\":\"10\"}}]}<\/script>\n<!-- \/ Yoast SEO Premium plugin. -->","yoast_head_json":{"title":"Kit Consulting - Assisoft, dise\u00f1o WEB y SEO","description":"Como Asesor digital Adherido y Representante Voluntario, tramitamos la subvenci\u00f3n e implementamos las soluciones del Kit Consulting.","robots":{"index":"index","follow":"follow","max-snippet":"max-snippet:-1","max-image-preview":"max-image-preview:large","max-video-preview":"max-video-preview:-1"},"canonical":"https:\/\/assisoft.com\/esp\/kit-consulting\/","og_locale":"es_ES","og_type":"article","og_title":"Kit Consulting","og_description":"Com a Assessor digital Adherit i Representant Voluntari, tramitem la subvenci\u00f3 i implementem les solucions del Kit Consulting.","og_url":"https:\/\/assisoft.com\/esp\/kit-consulting\/","og_site_name":"Assisoft, disseny WEB i SEO","article_modified_time":"2025-06-18T15:38:58+00:00","og_image":[{"width":2133,"height":1201,"url":"https:\/\/assisoft.com\/wp-content\/uploads\/2025\/02\/logo.png","type":"image\/png"}],"twitter_card":"summary_large_image","twitter_misc":{"Est. reading time":"2 minutes"},"schema":{"@context":"https:\/\/schema.org","@graph":[{"@type":"WebPage","@id":"https:\/\/assisoft.com\/kit-consulting\/","url":"https:\/\/assisoft.com\/kit-consulting\/","name":"Kit Consulting - Assisoft, dise\u00f1o WEB y SEO","isPartOf":{"@id":"https:\/\/assisoft.com\/#website"},"datePublished":"2024-11-12T15:48:50+00:00","dateModified":"2025-06-18T15:38:58+00:00","description":"Como Asesor digital Adherido y Representante Voluntario, tramitamos la subvenci\u00f3n e implementamos las soluciones del Kit Consulting.","breadcrumb":{"@id":"https:\/\/assisoft.com\/kit-consulting\/#breadcrumb"},"inLanguage":"es-ES","potentialAction":[{"@type":"ReadAction","target":["https:\/\/assisoft.com\/kit-consulting\/"]}]},{"@type":"BreadcrumbList","@id":"https:\/\/assisoft.com\/kit-consulting\/#breadcrumb","itemListElement":[{"@type":"ListItem","position":1,"name":"Inici","item":"https:\/\/assisoft.com\/"},{"@type":"ListItem","position":2,"name":"Kit Consulting"}]},{"@type":"WebSite","@id":"https:\/\/assisoft.com\/#website","url":"https:\/\/assisoft.com\/","name":"Assisoft, dise\u00f1o WEB y SEO","description":"","publisher":{"@id":"https:\/\/assisoft.com\/#organization"},"inLanguage":"es-ES"},{"@type":"Organization","@id":"https:\/\/assisoft.com\/#organization","name":"Assisoft, dise\u00f1o WEB y SEO","url":"https:\/\/assisoft.com\/","logo":{"@type":"ImageObject","inLanguage":"es-ES","@id":"https:\/\/assisoft.com\/#\/schema\/logo\/image\/","url":"https:\/\/assisoft.com\/wp-content\/uploads\/2025\/02\/logo.png","contentUrl":"https:\/\/assisoft.com\/wp-content\/uploads\/2025\/02\/logo.png","width":2133,"height":1201,"caption":"Assisoft, disseny WEB i SEO"},"image":{"@id":"https:\/\/assisoft.com\/#\/schema\/logo\/image\/"},"description":"Assisoft proporciona soluciones tecnol\u00f3gicas y servicios inform\u00e1ticos orientados a la peque\u00f1a y mediana empresa.","email":"info@assisoft.com","telephone":"687 03 44 04","legalName":"Assisoft","numberOfEmployees":{"@type":"QuantitativeValue","minValue":"1","maxValue":"10"}}]}},"post_mailing_queue_ids":[],"_links":{"self":[{"href":"https:\/\/assisoft.com\/esp\/wp-json\/wp\/v2\/pages\/3511","targetHints":{"allow":["GET"]}}],"collection":[{"href":"https:\/\/assisoft.com\/esp\/wp-json\/wp\/v2\/pages"}],"about":[{"href":"https:\/\/assisoft.com\/esp\/wp-json\/wp\/v2\/types\/page"}],"author":[{"embeddable":true,"href":"https:\/\/assisoft.com\/esp\/wp-json\/wp\/v2\/users\/1"}],"replies":[{"embeddable":true,"href":"https:\/\/assisoft.com\/esp\/wp-json\/wp\/v2\/comments?post=3511"}],"version-history":[{"count":13,"href":"https:\/\/assisoft.com\/esp\/wp-json\/wp\/v2\/pages\/3511\/revisions"}],"predecessor-version":[{"id":5409,"href":"https:\/\/assisoft.com\/esp\/wp-json\/wp\/v2\/pages\/3511\/revisions\/5409"}],"wp:attachment":[{"href":"https:\/\/assisoft.com\/esp\/wp-json\/wp\/v2\/media?parent=3511"}],"curies":[{"name":"wp","href":"https:\/\/api.w.org\/{rel}","templated":true}]}}