{"id":619,"date":"2023-03-21T10:53:53","date_gmt":"2023-03-21T10:53:53","guid":{"rendered":"https:\/\/assisoft-kitdigital.com\/assisoft-nova\/?page_id=619"},"modified":"2024-12-23T08:23:27","modified_gmt":"2024-12-23T08:23:27","slug":"politica-de-privacidad","status":"publish","type":"page","link":"https:\/\/assisoft.com\/esp\/politica-de-privacidad\/","title":{"rendered":"Pol\u00edtica de privacidad"},"content":{"rendered":"<h2 class=\"wp-block-heading\">Responsable del Tratamiento<\/h2>\n\n\n\n<p>La empresa responsable del tratamiento de sus datos en virtud de esta Pol\u00edtica de privacidad es:<\/p>\n\n\n\n<p>Assisoft<\/p>\n\n\n\n<p>NIF: 72551640A<\/p>\n\n\n\n<p>Domicilio: Cam\u00ed de Fogars, 4, 08472 Campins \u2013 Barcelona<\/p>\n\n\n\n<p>Direcci\u00f3n de correo electr\u00f3nico: info@assisoft.com<\/p>\n\n\n\n<p>Web: https:\/\/assisoft.com<\/p>\n\n\n\n<p>Tel\u00e9fono: +34 687 03 44 04<\/p>\n\n\n\n<p>En Assisoft, reconocemos la importancia de proteger su informaci\u00f3n personal y estamos comprometidos a tratarla con responsabilidad y de conformidad con las leyes de protecci\u00f3n de datos.<\/p>\n\n\n\n<p>La presente pol\u00edtica de privacidad pretende regular todos los aspectos relativos al tratamiento de datos de los distintos usuarios que navegan o facilitan los suyos a trav\u00e9s de los distintos formularios situados en la web.<\/p>\n\n\n\n<h2 class=\"wp-block-heading\">Datos Personales<\/h2>\n\n\n\n<p>Un dato personal es la informaci\u00f3n que le identifica o lo hace identificable. A trav\u00e9s de la web, en las casillas establecidas a tal efecto recogemos los datos personales que el usuario nos comunica: nombre, apellidos, correo electr\u00f3nico, tel\u00e9fono, direcci\u00f3n postal, poblaci\u00f3n, etc., as\u00ed como todos aquellos datos que voluntariamente nos proporcione a trav\u00e9s de cualquiera de las redes sociales de las que el usuario est\u00e1 registrado. En tal caso, la privacidad depender\u00e1 de la configuraci\u00f3n establecida por el propio usuario as\u00ed como de los t\u00e9rminos y condiciones de la propia red social.<\/p>\n\n\n\n<p>La visita del usuario a la web no implica que deba facilitar ninguna informaci\u00f3n sobre sus datos personales. No obstante, en caso de facilitarlos, los datos ser\u00e1n tratados de forma l\u00edcita de conformidad en todo momento a los principios y derechos recogidos en el RGPD 2016\/679 de 26 de abril y la LOPDGDD 3\/2018 de 5 de diciembre.<\/p>\n\n\n\n<h2 class=\"wp-block-heading\">Finalidad, duraci\u00f3n y legitimaci\u00f3n del tratamiento<\/h2>\n\n\n\n<p>Los datos que el usuario nos proporcione los trataremos con las siguientes finalidades:<\/p>\n\n\n\n<ul class=\"wp-block-list\">\n<li>Atender la solicitud o petici\u00f3n realizada por el usuario a trav\u00e9s del formulario de contacto situado en la web. Recogemos y tratamos los datos personales del usuario para poder tramitar y gestionar su solicitud, consulta o cualquier petici\u00f3n que realiza a trav\u00e9s del formulario. Estos datos los conservamos durante el tiempo necesario para cumplir su petici\u00f3n y durante el tiempo establecido por la ley con una duraci\u00f3n m\u00ednima de 3 a\u00f1os.<\/li>\n<\/ul>\n\n\n\n<p>La base de legitimaci\u00f3n del tratamiento de los datos ser\u00e1 el consentimiento que el usuario otorga al seleccionar la casilla de aceptaci\u00f3n de nuestra pol\u00edtica de privacidad antes de enviar la petici\u00f3n. El usuario tiene derecho a revocar su consentimiento en cualquier momento sin que ello afecte a la licitud del tratamiento basado en el consentimiento previo a su retirada.<\/p>\n\n\n\n<ul class=\"wp-block-list\">\n<li>Mejorar su experiencia al navegar por la web. Estos datos los conservaremos mientras el usuario no revoque su consentimiento al tratamiento de \u00e9stas eliminando las cookies y durante el tiempo establecido por la ley con una duraci\u00f3n m\u00ednima de 3 a\u00f1os.<\/li>\n<\/ul>\n\n\n\n<p>La base de legitimaci\u00f3n para mejorar su experiencia al navegar por la web es el consentimiento que otorga el usuario al aceptar las cookies. El usuario tiene derecho a revocar su consentimiento en cualquier momento sin que ello afecte a la licitud del tratamiento basado en el consentimiento previo a su retirada.<\/p>\n\n\n\n<ul class=\"wp-block-list\">\n<li>Gestionar nuestras redes sociales y enviarle informaci\u00f3n sobre nuestras actividades y productos. Estos datos los conservaremos mientras el usuario no revoque su consentimiento al tratamiento de los mismos y durante el tiempo establecido por la ley con una duraci\u00f3n m\u00ednima de 3 a\u00f1os.<\/li>\n<\/ul>\n\n\n\n<p>La base de legitimaci\u00f3n para gestionar nuestras redes sociales y enviarle nuestras actividades y novedades es el consentimiento que nos otorga para ello. El usuario tiene derecho a revocar su consentimiento en cualquier momento sin que ello afecte a la licitud del tratamiento basado en el consentimiento previo a su retirada.<\/p>\n\n\n\n<h2 class=\"wp-block-heading\">Cesi\u00f3n o comunicaci\u00f3n de datos personales y transferencias internacionales<\/h2>\n\n\n\n<p>Sus datos no se comunicar\u00e1n ni ser\u00e1n cedidos a terceros, salvo que exista alguna obligaci\u00f3n legal oa aquellos prestamistas vinculados al Responsable que act\u00faen como encargados del tratamiento.<\/p>\n\n\n\n<p>Nuestros servidores est\u00e1n situados en la Uni\u00f3n Europea, y con car\u00e1cter general, contratamos prestamistas de servicios situados tambi\u00e9n dentro del Espacio Econ\u00f3mico Europeo o en pa\u00edses que han sido declarados con un nivel adecuado de protecci\u00f3n.<\/p>\n\n\n\n<p>Si necesitamos utilizar proveedores de servicios externos que requieran la transmisi\u00f3n de datos personales fuera de la Uni\u00f3n Europea o en pa\u00edses que no han sido declarados con un adecuado nivel de protecci\u00f3n, nos aseguraremos de garantizar la seguridad y legitimidad del tratamiento de sus datos mediante decisiones de adecuaci\u00f3n, cl\u00e1usulas tipos, normas corporativas vinculantes, excepciones o cualquier otro instrumento aprobado por la autoridad de control que ofrezca las garant\u00edas adecuadas para la realizaci\u00f3n de la transferencia internacional de datos.<\/p>\n\n\n\n<h2 class=\"wp-block-heading\">Actualizaci\u00f3n de datos<\/h2>\n\n\n\n<p>Es importante que para que podamos mantener los datos personales actualizados, el usuario nos informe siempre que haya habido alguna modificaci\u00f3n en \u00e9stas, de lo contrario, no respondemos de la veracidad de \u00e9stas.<\/p>\n\n\n\n<p>El usuario garantiza que los datos personales facilitados son veraces garantizando que toda la informaci\u00f3n facilitada corresponde con la situaci\u00f3n real, puesta al d\u00eda y exacta, quedando obligado a comunicar cualquier modificaci\u00f3n.<\/p>\n\n\n\n<h2 class=\"wp-block-heading\">Datos de Terceros<\/h2>\n\n\n\n<p>Si el usuario facilita datos de terceras personas para cualquier finalidad en Assisoft, garantiza que ha obtenido estos datos de forma l\u00edcita, que ha informado previamente a los afectados, obteniendo su consentimiento para comunicarlos y que la informaci\u00f3n facilitada es exacta y veraz.<\/p>\n\n\n\n<h2 class=\"wp-block-heading\">Car\u00e1cter obligatorio de la informaci\u00f3n solicitada<\/h2>\n\n\n\n<p>Todos nuestros formularios cuentan con un asterisco (*) en los datos obligatorios. Si el usuario no llena estos campos, o no marca la casilla de aceptaci\u00f3n de la pol\u00edtica de privacidad, no se permitir\u00e1 el env\u00edo de la informaci\u00f3n.<\/p>\n\n\n\n<h2 class=\"wp-block-heading\">Uso de las contrase\u00f1as<\/h2>\n\n\n\n<p>Para poder acceder al \u00c1rea Privada, el USUARIO deber\u00e1 \u201cIniciar Sesi\u00f3n\u201d e incluir la direcci\u00f3n del correo electr\u00f3nico y contrase\u00f1a generada en el formulario de registro de acuerdo a las reglas de complejidad que se establezcan en cada momento en la web.<\/p>\n\n\n\n<p>Los usuarios son responsables de la adecuada custodia y confidencialidad de cualesquiera de los identificadores y\/o contrase\u00f1as que hayan seleccionado en el registro, comprometi\u00e9ndose a no ceder su uso a terceros, ni permitir su acceso a personas ajenas.<\/p>\n\n\n\n<p>Asimismo, ser\u00e1 obligaci\u00f3n del usuario notificar de forma inmediata al Responsable cualquier hecho que permita el uso indebido de los identificadores y\/o contrase\u00f1as, tales como el robo, p\u00e9rdida, o el acceso no autorizado a \u00e9stos, con la finalidad de conducta en su inmediata cancelaci\u00f3n.<\/p>\n\n\n\n<h2 class=\"wp-block-heading\">Derechos de las personas interesadas<\/h2>\n\n\n\n<p>Tiene derecho a acceder a sus datos ya obtener confirmaci\u00f3n sobre su tratamiento, as\u00ed como copia de los datos personales objeto de tratamiento. Tiene derecho a actualizarlos ya solicitar la rectificaci\u00f3n de los datos que sean inexactos o solicitar la supresi\u00f3n cuando los datos no sean necesarios para los fines por los que fueron recabados. Puede solicitar la limitaci\u00f3n en el tratamiento de sus datos y oponerse al tratamiento de \u00e9stos revocando su consentimiento, as\u00ed como ejercer el derecho a la portabilidad de los datos. De igual modo, tiene derecho a no ser objeto de decisiones basadas \u00fanicamente en el tratamiento automatizado de sus datos personales. Puede ejercer sus derechos contactando con nosotros Cam\u00ed de Fogars, 4, 08472 Campins \u2013 Barcelona. E-mail: info@assisoft.com.<\/p>\n\n\n\n<p>Si considera que sus derechos no se han atendido debidamente, tiene derecho a presentar una reclamaci\u00f3n ante la autoridad de control en www.aepd.es.<\/p>\n\n\n\n<h2 class=\"wp-block-heading\">Tratamiento de datos de Menores de edad<\/h2>\n\n\n\n<p>Quien facilita los datos a trav\u00e9s de los formularios de esta web y acepta su tratamiento declara ser mayor de 14 a\u00f1os, quedando prohibido el acceso y uso del portal a menores de esa edad. Si en alg\u00fan momento, el Responsable detecta que un menor de 14 a\u00f1os ha proporcionado datos de car\u00e1cter personal, procederemos a su cancelaci\u00f3n. Asimismo, los padres o tutores podr\u00e1n en cualquier caso dirigirse a Assisoft para bloquear la cuenta de acceso de los menores a su cargo que se hubiesen registrado falseando su identidad.<\/p>\n\n\n\n<h2 class=\"wp-block-heading\">Redes Sociales<\/h2>\n\n\n\n<p>El objeto de las herramientas como Facebook, Twitter, Instagram, etc. u otras redes sociales es dar visibilidad y difusi\u00f3n a las actividades que desarrolla nuestra organizaci\u00f3n. Estas herramientas almacenan datos personales en los servidores de sus respectivos servicios y se rigen por su propia pol\u00edtica de privacidad. Se recomienda la revisi\u00f3n y lectura de las condiciones de uso y pol\u00edtica de privacidad de la red social en el momento de registrarse, teniendo en cuenta las diferentes posibilidades de configuraci\u00f3n en relaci\u00f3n al grado de privacidad del perfil de usuario en la red social.<\/p>\n\n\n\n<p>Asimismo, el Responsable se reserva el derecho de eliminar de sus redes sociales cualquier informaci\u00f3n publicada por terceros que vulnere la legalidad, incite a hacerlo o contenga mensajes que atenten contra la dignidad de personas o instituciones. As\u00ed como el derecho a bloquear o denunciar el perfil autor de estos mensajes.<\/p>\n\n\n\n<h2 class=\"wp-block-heading\">Tratamiento de Cookies<\/h2>\n\n\n\n<p>Una cookie es un peque\u00f1o archivo que se descarga y almacena en el ordenador del usuario cuando \u00e9ste accede a una p\u00e1gina web. Las cookies permiten en la web, entre otras cosas, almacenar y recuperar informaci\u00f3n sobre los h\u00e1bitos de navegaci\u00f3n del usuario o de su equipo y, dependiendo de la informaci\u00f3n que contengan y de la forma en que utilice su equipo, pueden utilizarse para reconocer al usuario.<\/p>\n\n\n\n<p>El usuario tiene la opci\u00f3n de impedir la generaci\u00f3n de cookies mediante la selecci\u00f3n de la correspondiente opci\u00f3n en su programa de navegador. Puede obtener m\u00e1s informaci\u00f3n leyendo nuestra Pol\u00edtica de Cookies.<\/p>\n\n\n\n<p>Nos asociamos con Microsoft Clarity y Microsoft Advertising para capturar c\u00f3mo usas e interact\u00faas con nuestro sitio web a trav\u00e9s de m\u00e9tricas de comportamiento, mapas de calor y reproducci\u00f3n de sesiones para mejorar y comercializar nuestros productos\/servicios. Los datos de uso del sitio web se capturan mediante cookies propias y de terceros y otras tecnolog\u00edas de seguimiento para determinar la popularidad de los productos\/servicios y la actividad en l\u00ednea. Adem\u00e1s, utilizamos esta informaci\u00f3n para la optimizaci\u00f3n del sitio, con fines de seguridad y prevenci\u00f3n de fraudes y publicidad. Para obtener m\u00e1s informaci\u00f3n sobre c\u00f3mo Microsoft recopila y utiliza tus datos, visita la <a href=\"https:\/\/www.microsoft.com\/es-es\/privacy\/privacystatement\">Declaraci\u00f3n de privacidad de Microsoft<\/a><\/p>\n\n\n\n<p>Fecha de Actualizaci\u00f3n: 11\/01\/2024<\/p>","protected":false},"excerpt":{"rendered":"<p>Responsable del Tratamiento La empresa responsable del tratamiento de sus datos en virtud de esta Pol\u00edtica de privacidad es: Assisoft NIF: 72551640A Domicilio: Cam\u00ed de Fogars, 4, 08472 Campins \u2013 Barcelona Direcci\u00f3n de correo electr\u00f3nico: info@assisoft.com Web: https:\/\/assisoft.com4 reconocemos la importancia de proteger su informaci\u00f3n personal y [\u2026]<\/p>","protected":false},"author":1,"featured_media":0,"parent":0,"menu_order":0,"comment_status":"closed","ping_status":"closed","template":"","meta":{"_et_pb_use_builder":"off","_et_pb_old_content":"","_et_gb_content_width":"1080","_daim_seo_power":"","_daim_enable_ail":"","footnotes":""},"class_list":["post-619","page","type-page","status-publish","hentry"],"yoast_head":"<!-- This site is optimized with the Yoast SEO Premium plugin v24.9 (Yoast SEO v27.3) - https:\/\/yoast.com\/product\/yoast-seo-premium-wordpress\/ -->\n<title>Pol\u00edtica de privadesa - Assisoft, disseny WEB i SEO<\/title>\n<meta name=\"robots\" content=\"noindex, follow\" \/>\n<meta property=\"og:locale\" content=\"es_ES\" \/>\n<meta property=\"og:type\" content=\"article\" \/>\n<meta property=\"og:title\" content=\"Pol\u00edtica de privadesa\" \/>\n<meta property=\"og:description\" content=\"Responsable del Tractament L\u2019empresa responsable del tractament de les seves dades en virtut d\u2019aquesta Pol\u00edtica de privacitat \u00e9s: Assisoft NIF: 72551640A Domicili: Cam\u00ed de Fogars, 4, 08472 Campins \u2013 Barcelona Direcci\u00f3 de correu electr\u00f2nic: info@assisoft.com Web: https:\/\/assisoft.com Tel\u00e8fon: +34 687 03 44 04 En Assisoft, reconeixem la import\u00e0ncia de protegir la seva informaci\u00f3 personal i [&hellip;]\" \/>\n<meta property=\"og:url\" content=\"https:\/\/assisoft.com\/esp\/politica-de-privacidad\/\" \/>\n<meta property=\"og:site_name\" content=\"Assisoft, disseny WEB i SEO\" \/>\n<meta property=\"article:modified_time\" content=\"2024-12-23T08:23:27+00:00\" \/>\n<meta property=\"og:image\" content=\"https:\/\/assisoft.com\/wp-content\/uploads\/2025\/02\/logo.png\" \/>\n\t<meta property=\"og:image:width\" content=\"2133\" \/>\n\t<meta property=\"og:image:height\" content=\"1201\" \/>\n\t<meta property=\"og:image:type\" content=\"image\/png\" \/>\n<meta name=\"twitter:card\" content=\"summary_large_image\" \/>\n<meta name=\"twitter:label1\" content=\"Est. reading time\" \/>\n\t<meta name=\"twitter:data1\" content=\"9 minutes\" \/>\n<script type=\"application\/ld+json\" class=\"yoast-schema-graph\">{\"@context\":\"https:\\\/\\\/schema.org\",\"@graph\":[{\"@type\":\"WebPage\",\"@id\":\"https:\\\/\\\/assisoft.com\\\/politica-de-privadesa\\\/\",\"url\":\"https:\\\/\\\/assisoft.com\\\/politica-de-privadesa\\\/\",\"name\":\"Pol\u00edtica de privadesa - Assisoft, disseny WEB i SEO\",\"isPartOf\":{\"@id\":\"https:\\\/\\\/assisoft.com\\\/#website\"},\"datePublished\":\"2023-03-21T10:53:53+00:00\",\"dateModified\":\"2024-12-23T08:23:27+00:00\",\"breadcrumb\":{\"@id\":\"https:\\\/\\\/assisoft.com\\\/politica-de-privadesa\\\/#breadcrumb\"},\"inLanguage\":\"es-ES\",\"potentialAction\":[{\"@type\":\"ReadAction\",\"target\":[\"https:\\\/\\\/assisoft.com\\\/politica-de-privadesa\\\/\"]}]},{\"@type\":\"BreadcrumbList\",\"@id\":\"https:\\\/\\\/assisoft.com\\\/politica-de-privadesa\\\/#breadcrumb\",\"itemListElement\":[{\"@type\":\"ListItem\",\"position\":1,\"name\":\"Inici\",\"item\":\"https:\\\/\\\/assisoft.com\\\/\"},{\"@type\":\"ListItem\",\"position\":2,\"name\":\"Pol\u00edtica de privadesa\"}]},{\"@type\":\"WebSite\",\"@id\":\"https:\\\/\\\/assisoft.com\\\/#website\",\"url\":\"https:\\\/\\\/assisoft.com\\\/\",\"name\":\"Assisoft, disseny WEB i SEO\",\"description\":\"\",\"publisher\":{\"@id\":\"https:\\\/\\\/assisoft.com\\\/#organization\"},\"inLanguage\":\"es-ES\"},{\"@type\":\"Organization\",\"@id\":\"https:\\\/\\\/assisoft.com\\\/#organization\",\"name\":\"Assisoft, disseny WEB i SEO\",\"url\":\"https:\\\/\\\/assisoft.com\\\/\",\"logo\":{\"@type\":\"ImageObject\",\"inLanguage\":\"es-ES\",\"@id\":\"https:\\\/\\\/assisoft.com\\\/#\\\/schema\\\/logo\\\/image\\\/\",\"url\":\"https:\\\/\\\/assisoft.com\\\/wp-content\\\/uploads\\\/2025\\\/02\\\/logo.png\",\"contentUrl\":\"https:\\\/\\\/assisoft.com\\\/wp-content\\\/uploads\\\/2025\\\/02\\\/logo.png\",\"width\":2133,\"height\":1201,\"caption\":\"Assisoft, disseny WEB i SEO\"},\"image\":{\"@id\":\"https:\\\/\\\/assisoft.com\\\/#\\\/schema\\\/logo\\\/image\\\/\"},\"description\":\"Assisoft proporciona solucions tecnol\u00f2giques i serveis inform\u00e0tics orientats a la petita i mitjana empresa.\",\"email\":\"info@assisoft.com\",\"telephone\":\"687 03 44 04\",\"legalName\":\"Assisoft\",\"numberOfEmployees\":{\"@type\":\"QuantitativeValue\",\"minValue\":\"1\",\"maxValue\":\"10\"}}]}<\/script>\n<!-- \/ Yoast SEO Premium plugin. -->","yoast_head_json":{"title":"Pol\u00edtica de privacidad - Assisoft, dise\u00f1o WEB y SEO","robots":{"index":"noindex","follow":"follow"},"og_locale":"es_ES","og_type":"article","og_title":"Pol\u00edtica de privadesa","og_description":"Responsable del Tractament L\u2019empresa responsable del tractament de les seves dades en virtut d\u2019aquesta Pol\u00edtica de privacitat \u00e9s: Assisoft NIF: 72551640A Domicili: Cam\u00ed de Fogars, 4, 08472 Campins \u2013 Barcelona Direcci\u00f3 de correu electr\u00f2nic: info@assisoft.com Web: https:\/\/assisoft.com Tel\u00e8fon: +34 687 03 44 04 En Assisoft, reconeixem la import\u00e0ncia de protegir la seva informaci\u00f3 personal i [&hellip;]","og_url":"https:\/\/assisoft.com\/esp\/politica-de-privacidad\/","og_site_name":"Assisoft, disseny WEB i SEO","article_modified_time":"2024-12-23T08:23:27+00:00","og_image":[{"width":2133,"height":1201,"url":"https:\/\/assisoft.com\/wp-content\/uploads\/2025\/02\/logo.png","type":"image\/png"}],"twitter_card":"summary_large_image","twitter_misc":{"Est. reading time":"9 minutes"},"schema":{"@context":"https:\/\/schema.org","@graph":[{"@type":"WebPage","@id":"https:\/\/assisoft.com\/politica-de-privadesa\/","url":"https:\/\/assisoft.com\/politica-de-privadesa\/","name":"Pol\u00edtica de privacidad - Assisoft, dise\u00f1o WEB y SEO","isPartOf":{"@id":"https:\/\/assisoft.com\/#website"},"datePublished":"2023-03-21T10:53:53+00:00","dateModified":"2024-12-23T08:23:27+00:00","breadcrumb":{"@id":"https:\/\/assisoft.com\/politica-de-privadesa\/#breadcrumb"},"inLanguage":"es-ES","potentialAction":[{"@type":"ReadAction","target":["https:\/\/assisoft.com\/politica-de-privadesa\/"]}]},{"@type":"BreadcrumbList","@id":"https:\/\/assisoft.com\/politica-de-privadesa\/#breadcrumb","itemListElement":[{"@type":"ListItem","position":1,"name":"Inici","item":"https:\/\/assisoft.com\/"},{"@type":"ListItem","position":2,"name":"Pol\u00edtica de privadesa"}]},{"@type":"WebSite","@id":"https:\/\/assisoft.com\/#website","url":"https:\/\/assisoft.com\/","name":"Assisoft, dise\u00f1o WEB y SEO","description":"","publisher":{"@id":"https:\/\/assisoft.com\/#organization"},"inLanguage":"es-ES"},{"@type":"Organization","@id":"https:\/\/assisoft.com\/#organization","name":"Assisoft, dise\u00f1o WEB y SEO","url":"https:\/\/assisoft.com\/","logo":{"@type":"ImageObject","inLanguage":"es-ES","@id":"https:\/\/assisoft.com\/#\/schema\/logo\/image\/","url":"https:\/\/assisoft.com\/wp-content\/uploads\/2025\/02\/logo.png","contentUrl":"https:\/\/assisoft.com\/wp-content\/uploads\/2025\/02\/logo.png","width":2133,"height":1201,"caption":"Assisoft, disseny WEB i SEO"},"image":{"@id":"https:\/\/assisoft.com\/#\/schema\/logo\/image\/"},"description":"Assisoft proporciona soluciones tecnol\u00f3gicas y servicios inform\u00e1ticos orientados a la peque\u00f1a y mediana empresa.","email":"info@assisoft.com","telephone":"687 03 44 04","legalName":"Assisoft","numberOfEmployees":{"@type":"QuantitativeValue","minValue":"1","maxValue":"10"}}]}},"post_mailing_queue_ids":[],"_links":{"self":[{"href":"https:\/\/assisoft.com\/esp\/wp-json\/wp\/v2\/pages\/619","targetHints":{"allow":["GET"]}}],"collection":[{"href":"https:\/\/assisoft.com\/esp\/wp-json\/wp\/v2\/pages"}],"about":[{"href":"https:\/\/assisoft.com\/esp\/wp-json\/wp\/v2\/types\/page"}],"author":[{"embeddable":true,"href":"https:\/\/assisoft.com\/esp\/wp-json\/wp\/v2\/users\/1"}],"replies":[{"embeddable":true,"href":"https:\/\/assisoft.com\/esp\/wp-json\/wp\/v2\/comments?post=619"}],"version-history":[{"count":6,"href":"https:\/\/assisoft.com\/esp\/wp-json\/wp\/v2\/pages\/619\/revisions"}],"predecessor-version":[{"id":4628,"href":"https:\/\/assisoft.com\/esp\/wp-json\/wp\/v2\/pages\/619\/revisions\/4628"}],"wp:attachment":[{"href":"https:\/\/assisoft.com\/esp\/wp-json\/wp\/v2\/media?parent=619"}],"curies":[{"name":"wp","href":"https:\/\/api.w.org\/{rel}","templated":true}]}}