{"id":6449,"date":"2025-09-18T08:23:48","date_gmt":"2025-09-18T08:23:48","guid":{"rendered":"https:\/\/elteukitdigital.cat\/static-assisoft\/?page_id=6449"},"modified":"2025-09-18T08:23:50","modified_gmt":"2025-09-18T08:23:50","slug":"email-marqueting-granollers","status":"publish","type":"page","link":"https:\/\/assisoft.com\/esp\/email-marqueting-granollers\/","title":{"rendered":"Email M\u00e0rqueting per a empreses a Granollers"},"content":{"rendered":"","protected":false},"excerpt":{"rendered":"","protected":false},"author":1,"featured_media":0,"parent":0,"menu_order":0,"comment_status":"closed","ping_status":"closed","template":"","meta":{"_et_pb_use_builder":"","_et_pb_old_content":"","_et_gb_content_width":"","_daim_seo_power":"","_daim_enable_ail":"","footnotes":""},"class_list":["post-6449","page","type-page","status-publish","hentry"],"yoast_head":"<!-- This site is optimized with the Yoast SEO Premium plugin v24.9 (Yoast SEO v27.3) - https:\/\/yoast.com\/product\/yoast-seo-premium-wordpress\/ -->\n<title>Email M\u00e0rqueting per a empreses a Granollers - Assisoft, disseny WEB i SEO<\/title>\n<meta name=\"robots\" content=\"index, follow, max-snippet:-1, max-image-preview:large, max-video-preview:-1\" \/>\n<link rel=\"canonical\" href=\"https:\/\/assisoft.com\/esp\/email-marqueting-granollers\/\" \/>\n<meta property=\"og:locale\" content=\"es_ES\" \/>\n<meta property=\"og:type\" content=\"article\" \/>\n<meta property=\"og:title\" content=\"Email M\u00e0rqueting per a empreses a Granollers\" \/>\n<meta property=\"og:url\" content=\"https:\/\/assisoft.com\/esp\/email-marqueting-granollers\/\" \/>\n<meta property=\"og:site_name\" content=\"Assisoft, disseny WEB i SEO\" \/>\n<meta property=\"article:modified_time\" content=\"2025-09-18T08:23:50+00:00\" \/>\n<meta property=\"og:image\" content=\"https:\/\/assisoft.com\/wp-content\/uploads\/2025\/02\/logo.png\" \/>\n\t<meta property=\"og:image:width\" content=\"2133\" \/>\n\t<meta property=\"og:image:height\" content=\"1201\" \/>\n\t<meta property=\"og:image:type\" content=\"image\/png\" \/>\n<meta name=\"twitter:card\" content=\"summary_large_image\" \/>\n<script type=\"application\/ld+json\" class=\"yoast-schema-graph\">{\"@context\":\"https:\\\/\\\/schema.org\",\"@graph\":[{\"@type\":\"WebPage\",\"@id\":\"https:\\\/\\\/assisoft.com\\\/email-marqueting-granollers\\\/\",\"url\":\"https:\\\/\\\/assisoft.com\\\/email-marqueting-granollers\\\/\",\"name\":\"Email M\u00e0rqueting per a empreses a Granollers - Assisoft, disseny WEB i SEO\",\"isPartOf\":{\"@id\":\"https:\\\/\\\/assisoft.com\\\/#website\"},\"datePublished\":\"2025-09-18T08:23:48+00:00\",\"dateModified\":\"2025-09-18T08:23:50+00:00\",\"breadcrumb\":{\"@id\":\"https:\\\/\\\/assisoft.com\\\/email-marqueting-granollers\\\/#breadcrumb\"},\"inLanguage\":\"es-ES\",\"potentialAction\":[{\"@type\":\"ReadAction\",\"target\":[\"https:\\\/\\\/assisoft.com\\\/email-marqueting-granollers\\\/\"]}]},{\"@type\":\"BreadcrumbList\",\"@id\":\"https:\\\/\\\/assisoft.com\\\/email-marqueting-granollers\\\/#breadcrumb\",\"itemListElement\":[{\"@type\":\"ListItem\",\"position\":1,\"name\":\"Inici\",\"item\":\"https:\\\/\\\/assisoft.com\\\/\"},{\"@type\":\"ListItem\",\"position\":2,\"name\":\"Email M\u00e0rqueting per a empreses a Granollers\"}]},{\"@type\":\"WebSite\",\"@id\":\"https:\\\/\\\/assisoft.com\\\/#website\",\"url\":\"https:\\\/\\\/assisoft.com\\\/\",\"name\":\"Assisoft, disseny WEB i SEO\",\"description\":\"\",\"publisher\":{\"@id\":\"https:\\\/\\\/assisoft.com\\\/#organization\"},\"inLanguage\":\"es-ES\"},{\"@type\":\"Organization\",\"@id\":\"https:\\\/\\\/assisoft.com\\\/#organization\",\"name\":\"Assisoft, disseny WEB i SEO\",\"url\":\"https:\\\/\\\/assisoft.com\\\/\",\"logo\":{\"@type\":\"ImageObject\",\"inLanguage\":\"es-ES\",\"@id\":\"https:\\\/\\\/assisoft.com\\\/#\\\/schema\\\/logo\\\/image\\\/\",\"url\":\"https:\\\/\\\/assisoft.com\\\/wp-content\\\/uploads\\\/2025\\\/02\\\/logo.png\",\"contentUrl\":\"https:\\\/\\\/assisoft.com\\\/wp-content\\\/uploads\\\/2025\\\/02\\\/logo.png\",\"width\":2133,\"height\":1201,\"caption\":\"Assisoft, disseny WEB i SEO\"},\"image\":{\"@id\":\"https:\\\/\\\/assisoft.com\\\/#\\\/schema\\\/logo\\\/image\\\/\"},\"description\":\"Assisoft proporciona solucions tecnol\u00f2giques i serveis inform\u00e0tics orientats a la petita i mitjana empresa.\",\"email\":\"info@assisoft.com\",\"telephone\":\"687 03 44 04\",\"legalName\":\"Assisoft\",\"numberOfEmployees\":{\"@type\":\"QuantitativeValue\",\"minValue\":\"1\",\"maxValue\":\"10\"}}]}<\/script>\n<!-- \/ Yoast SEO Premium plugin. -->","yoast_head_json":{"title":"Email M\u00e0rqueting per a empreses a Granollers - Assisoft, disseny WEB i SEO","robots":{"index":"index","follow":"follow","max-snippet":"max-snippet:-1","max-image-preview":"max-image-preview:large","max-video-preview":"max-video-preview:-1"},"canonical":"https:\/\/assisoft.com\/esp\/email-marqueting-granollers\/","og_locale":"es_ES","og_type":"article","og_title":"Email M\u00e0rqueting per a empreses a Granollers","og_url":"https:\/\/assisoft.com\/esp\/email-marqueting-granollers\/","og_site_name":"Assisoft, disseny WEB i SEO","article_modified_time":"2025-09-18T08:23:50+00:00","og_image":[{"width":2133,"height":1201,"url":"https:\/\/assisoft.com\/wp-content\/uploads\/2025\/02\/logo.png","type":"image\/png"}],"twitter_card":"summary_large_image","schema":{"@context":"https:\/\/schema.org","@graph":[{"@type":"WebPage","@id":"https:\/\/assisoft.com\/email-marqueting-granollers\/","url":"https:\/\/assisoft.com\/email-marqueting-granollers\/","name":"Email M\u00e0rqueting per a empreses a Granollers - Assisoft, disseny WEB i SEO","isPartOf":{"@id":"https:\/\/assisoft.com\/#website"},"datePublished":"2025-09-18T08:23:48+00:00","dateModified":"2025-09-18T08:23:50+00:00","breadcrumb":{"@id":"https:\/\/assisoft.com\/email-marqueting-granollers\/#breadcrumb"},"inLanguage":"es-ES","potentialAction":[{"@type":"ReadAction","target":["https:\/\/assisoft.com\/email-marqueting-granollers\/"]}]},{"@type":"BreadcrumbList","@id":"https:\/\/assisoft.com\/email-marqueting-granollers\/#breadcrumb","itemListElement":[{"@type":"ListItem","position":1,"name":"Inici","item":"https:\/\/assisoft.com\/"},{"@type":"ListItem","position":2,"name":"Email M\u00e0rqueting per a empreses a Granollers"}]},{"@type":"WebSite","@id":"https:\/\/assisoft.com\/#website","url":"https:\/\/assisoft.com\/","name":"Assisoft, dise\u00f1o WEB y SEO","description":"","publisher":{"@id":"https:\/\/assisoft.com\/#organization"},"inLanguage":"es-ES"},{"@type":"Organization","@id":"https:\/\/assisoft.com\/#organization","name":"Assisoft, dise\u00f1o WEB y SEO","url":"https:\/\/assisoft.com\/","logo":{"@type":"ImageObject","inLanguage":"es-ES","@id":"https:\/\/assisoft.com\/#\/schema\/logo\/image\/","url":"https:\/\/assisoft.com\/wp-content\/uploads\/2025\/02\/logo.png","contentUrl":"https:\/\/assisoft.com\/wp-content\/uploads\/2025\/02\/logo.png","width":2133,"height":1201,"caption":"Assisoft, disseny WEB i SEO"},"image":{"@id":"https:\/\/assisoft.com\/#\/schema\/logo\/image\/"},"description":"Assisoft proporciona soluciones tecnol\u00f3gicas y servicios inform\u00e1ticos orientados a la peque\u00f1a y mediana empresa.","email":"info@assisoft.com","telephone":"687 03 44 04","legalName":"Assisoft","numberOfEmployees":{"@type":"QuantitativeValue","minValue":"1","maxValue":"10"}}]}},"post_mailing_queue_ids":[],"_links":{"self":[{"href":"https:\/\/assisoft.com\/esp\/wp-json\/wp\/v2\/pages\/6449","targetHints":{"allow":["GET"]}}],"collection":[{"href":"https:\/\/assisoft.com\/esp\/wp-json\/wp\/v2\/pages"}],"about":[{"href":"https:\/\/assisoft.com\/esp\/wp-json\/wp\/v2\/types\/page"}],"author":[{"embeddable":true,"href":"https:\/\/assisoft.com\/esp\/wp-json\/wp\/v2\/users\/1"}],"replies":[{"embeddable":true,"href":"https:\/\/assisoft.com\/esp\/wp-json\/wp\/v2\/comments?post=6449"}],"version-history":[{"count":1,"href":"https:\/\/assisoft.com\/esp\/wp-json\/wp\/v2\/pages\/6449\/revisions"}],"predecessor-version":[{"id":6450,"href":"https:\/\/assisoft.com\/esp\/wp-json\/wp\/v2\/pages\/6449\/revisions\/6450"}],"wp:attachment":[{"href":"https:\/\/assisoft.com\/esp\/wp-json\/wp\/v2\/media?parent=6449"}],"curies":[{"name":"wp","href":"https:\/\/api.w.org\/{rel}","templated":true}]}}