{"id":67,"date":"2023-02-23T11:46:42","date_gmt":"2023-02-23T11:46:42","guid":{"rendered":"https:\/\/assisoft-kitdigital.com\/assisoft-nova\/?page_id=67"},"modified":"2025-06-18T15:42:24","modified_gmt":"2025-06-18T15:42:24","slug":"contactar","status":"publish","type":"page","link":"https:\/\/assisoft.com\/esp\/contactar\/","title":{"rendered":"Contactar"},"content":{"rendered":"<p>[et_pb_section fb_built=\u201d1\u2033 _builder_version=\u201d4.20.0\u2033 _module_preset=\u201ddefault\u201d use_background_color_gradient=\u201don\u201d background_color_gradient_stops=\u201drgba(255,255,255,0.1) 0%|rgba(255,255,255,0.1) 100%\u201d background_color_gradient_overlays_image=\u201don\u201d background_image=\u201dhttps:\/\/assisoft.com\/wp-content\/uploads\/2023\/02\/smarthphone-assisoft-scaledj height=\u201d103vh\u201d custom_margin=\u201d-100px||||false|false\u201d global_colors_info=\u201d{}\u201d][et_pb_row make_equal=\u201don\u201d _builder_version=\u201d4.27.2\u2033 _module_preset=\u201ddefault\u201d max_wid height=\u201d100%\u201d custom_css_main_element=\u201ddisplay: flex;||flex-direction: column;||justify-content: center;\u201d global_colors_info=\u201d{}\u201d][et_pb_column type=\u201d4_4\u2033 _builder_version=\u201d4.20.0\u2033 _module_preset=\u201ddefault\u201d global_colors_info=\u201d{}\u201d][et_pb_text _builder_version=\u201d4.20.0\u2033 _module_pres header_font=\u201dPoppins||||||||\u201d header_text_align=\u201dcenter\u201d header_font_size=\u201d48px\u201d header_2_font=\u201dPoppins|300|||||||\u201d header_2_text_align=\u201dcenter\u201d custom_css_main_element=\u201dtext-shadow: 0px 1px 8px rgba(255,255,255,0.6);\u201d global_colors_info=\u201d{}\u201d]<\/p>\n<h1>Contactar<\/h1>\n<h2>Por cualquiera de nuestros servicios o cualquier duda sobre el Kit Digital o Agente Digitalizador.<\/h2>\n<p>[\/et_pb_text][\/et_pb_column][\/et_pb_row][\/et_pb_section][et_pb_section fb_built=\u201d1\u2033 _builder_version=\u201d4.17.4\u2033 _module_preset=\u201ddefault\u201d locked=\u201doff\u201d global_colors_info= column_structure=\u201d1_4,1_4,1_4,1_4\u2033 make_equal=\u201don\u201d _builder_version=\u201d4.17.1\u2033 background_color=\u201d#ffffff\u201d max_width=\u201d1280px\u201d custom_margin=\u201d-150px|||\u201d custom_padding=\u201d60px|40px|60px|40px|true|true\u201d animation_style=\u201dzoom\u201d animation_intensity_zoom=\u201d20%\u201d border_width_all=\u201d3px\u201d border_color_all=\u201d#eff5f7\u2033 box box_shadow_vertical=\u201d40px\u201d box_shadow_blur=\u201d60px\u201d box_shadow_spread=\u201d-10px\u201d box_shadow_color=\u201drgba(0,0,0,0.03)\u201d use_custom_width=\u201don\u201d custom_width_ global_colors_info=\u201d{}\u201d][et_pb_column type=\u201d1_4\u2033 _builder_version=\u201d4.17.4\u2033 custom_padding=\u201d|||\u201d custom_css_main_element=\u201dmargin:auto\u201d global_colors_info=\u201d{}\u201d custom_padding__hover=\u201d|||\u201d][et_pb_blurb use_icon=\u201don\u201d font_icon=\u201d\ue090||divi||400\u2033 icon_color=\u201d#00000 image_icon_width=\u201d45px\u201d content_max_width=\u201d1100px\u201d image_icon_width_tablet=\u201d60px\u201d image_icon_width_phone=\u201d45px\u201d image_icon_width_last_edited=\u201doff|phone\u201d _builder_version. _module_preset=\u201ddefault\u201d header_font=\u201dRubik|500||donde|||||\u201d header_text_color=\u201d#607a86\u2033 header_font_size=\u201d12px\u201d header_letter_spacing=\u201d2px\u201d header_line_height=\u201d2em\u201d body_font=\u201d|600|||||||| body_text_color=\u201d#000000\u2033 body_font_size=\u201d13px\u201d custom_margin=\u201d||||false|false\u201d custom_margin_tablet=\u201d||3vh||false|false\u201d custom_margin_phone=\u201d||3vh|custom_marse\u201d body_font_size_tablet=\u201d12px\u201d body_font_size_phone=\u201d\u201d body_font_size_last_edited=\u201don|tablet\u201d custom_css_blurb_image=\u201dpadding-right: 1vw;||padding-left: 1vw;||vertical-align: mid image_max_width=\u201d80px\u201d image_max_width_tablet=\u201d60px\u201d image_max_width_phone=\u201d60px\u201d image_max_width_last_edited=\u201don|tablet\u201d locked=\u201doff\u201d global_colors_info=\u201d{}\u201d custom_css_bl custom_css_blurb_image_phone=\u201dpadding-top: 1vh;||padding-right: 3vw;||padding-left: 1vw; \u201d custom_css_blurb_image_tablet=\u201dpadding-top: 1vh;||padding-right: 1vw;||padding-left: 1vw;\u201d]<span style=\"font-family: Rubik; text-transform: uppercase; letter-spacing: 2px; color: #607a86; font-size: 12px; font-weight: 500;\">Tel\u00e9fono<\/span><\/p>\n<p>687 03 44 04[\/et_pb_blurb][\/et_pb_column][et_pb_column type=\u201d1_4\u2033 _builder_version=\u201d4.17.4\u2033 custom_padding=\u201d|||\u201d custom_css_main_element=\u201dmargin:auto\u201d global_colors_info=\u201d{}\u201d custom_padding__hover=\u201d|||\u201d][et_pb_blurb use_icon=\u201don\u201d font_icon=\u201d\ue076||divi||400\u2033 icon_color=\u201d#00000 image_icon_width=\u201d45px\u201d content_max_width=\u201d1100px\u201d image_icon_width_tablet=\u201d60px\u201d image_icon_width_phone=\u201d60px\u201d image_icon_width_last_edited=\u201doff|phone\u201d _builder_version. header_font=&quot;Rubik|500||donde|||||&quot; header_text_color=\u201d#607a86\u2033 header_font_size=\u201d12px\u201d header_letter_spacing=\u201d2px\u201d header_line_height=\u201d2em\u201d body_font=\u201d|600|||||||| body_text_color=\u201d#000000\u2033 body_font_size=\u201d13px\u201d body_link_text_color=\u201d#000000\u2033 custom_margin_tablet=\u201d||3vh||false|false\u201d custom_margin_phone=\u201d||3vh||false| custom_margin_last_edited=\u201don|tablet\u201d body_font_size_tablet=\u201d12px\u201d body_font_size_phone=\u201d\u201d body_font_size_last_edited=\u201don|tablet\u201d custom_css_main_element=\u201doverflow: hidden;||texto-overflow; custom_css_blurb_image=\u201dpadding-right: 1vw;||padding-left: 1vw;||vertical-align: middle;||position: relative;\u201d image_max_width=\u201d80px\u201d image_max_width_tablet=\u201d60px\u201d image_max_width_phone=\u201d60px\u201d image_max_width_last_edited=\u201don|tablet\u201d locked=\u201doff\u201d global_colors_info=\u201d{}\u201d custom_css_bl custom_css_blurb_image_phone=\u201dpadding-top: 1vh;||padding-right: 3vw;||padding-left: 1vw; \u201d custom_css_blurb_image_tablet=\u201dpadding-top: 1vh;<span style=\"font-family: Rubik; text-transform: uppercase;  letter-spacing: 2px; color: #607a86; font-size: 12px; font-weight: 500\">Email<\/span><br \/>\n<a  href=\"mailto:info@assisoft.com\"><\/p>\n<p>info@assisoft.com<\/p>\n<p><\/a>[\/et_pb_blurb][\/et_pb_column][et_pb_column type=\u201d1_4\u2033 _builder_version=\u201d4.17.1\u2033 custom_padding=\u201d|||\u201d custom_css_main_element=\u201dmargin:auto\u201d global_colors_info=\u201d{}\u201d custom_padding__hover=\u201d|||\u201d][et_pb_blurb use_icon=\u201don\u201d font_icon=\u201d\ue080||divi||400\u2033 icon_color=\u201d#00000 image_icon_width=\u201d45px\u201d content_max_width=\u201d1100px\u201d _builder_version=\u201d4.22.2\u2033 header_font=\u201dRubik|500||donde|||||\u201d header_text_color=\u201d#607a86\u2033 header_font_size=\u201d12px\u201d header_letter_spacing=\u201d2px\u201d header_line_height=\u201d2em\u201d body_font=\u201d|600|||||||| body_text_color=&quot;#000000&quot; body_font_size=&quot;13px&quot; body_font_size_tablet=&quot;12px&quot; body_font_size_phone=&quot;&quot; body_font_size_last_edited=&quot;on|tablet&quot; custom_css_blurb_image=&quot;padding 1vw;||vertical-align: middle;||position: relative;\u201d image_max_width=\u201d80px\u201d image_max_width_tablet=\u201d60px\u201d image_max_width_phone=\u201d60px\u201d image_max_width_last_edited=\u201don|tablet\u201d locked=\u201doff\u201d global_colors_info=\u201d{}\u201d custom_css_bl custom_css_blurb_image_phone=\u201dpadding-top: 1vh;||padding-right: 3vw;||padding-left: 1vw; \u201d custom_css_blurb_image_tablet=\u201dpadding-top: 1vh;||padding-right: 1vw;||padding-left: 1vw;\u201d]<span style=\"font-family: Rubik; text-transform: uppercase; letter-spacing: 2px; color: #607a86; font-size: 12px; font-weight: 500;\">Oficina<\/span><\/p>\n<p>Cam\u00ed de Fogars, 4<br \/>\n08472 Campins \u2013 Barcelona[\/et_pb_blurb][\/et_pb_column][et_pb_column type=&#8221;1_4&#8243; _builder_version=&#8221;4.17.4&#8243; custom_padding=&#8221;|||&#8221; custom_css_main_element=&#8221;margin:auto!important;&#8221; global_colors_info=&#8221;{}&#8221; custom_padding__hover=&#8221;|||&#8221;][et_pb_blurb use_icon=&#8221;on&#8221; font_icon=&#8221;&#xe06b;||divi||400&#8243; icon_color=&#8221;#000000&#8243; icon_placement=&#8221;left&#8221; image_icon_width=&#8221;45px&#8221; content_max_width=&#8221;1100px&#8221; image_icon_width_tablet=&#8221;60px&#8221; image_icon_width_phone=&#8221;60px&#8221; image_icon_width_last_edited=&#8221;off|phone&#8221; _builder_version=&#8221;4.20.0&#8243; header_font=&#8221;Rubik|500||on|||||&#8221; header_text_color=&#8221;#607a86&#8243; header_font_size=&#8221;12px&#8221; header_letter_spacing=&#8221;2px&#8221; header_line_height=&#8221;2em&#8221; body_font=&#8221;|600|||||||&#8221; body_text_color=&#8221;#000000&#8243; body_font_size=&#8221;13px&#8221; body_font_size_tablet=&#8221;12px&#8221; body_font_size_phone=&#8221;&#8221; body_font_size_last_edited=&#8221;on|tablet&#8221; custom_css_blurb_image=&#8221;padding-right: 1vw;||padding-left: 1vw;||vertical-align: middle;||position: relative;&#8221; image_max_width=&#8221;80px&#8221; image_max_width_tablet=&#8221;60px&#8221; image_max_width_phone=&#8221;60px&#8221; image_max_width_last_edited=&#8221;on|tablet&#8221; locked=&#8221;off&#8221; global_colors_info=&#8221;{}&#8221; custom_css_blurb_image_last_edited=&#8221;on|desktop&#8221; custom_css_blurb_image_phone=&#8221;padding-right: 3vw;||padding-left: 1vw; ||vertical-align: middle;||position: relative;&#8221; custom_css_blurb_image_tablet=&#8221;padding-top: 1vh;||padding-right: 1vw;||padding-left: 1vw;&#8221;]<span style=\"font-family: Rubik; text-transform: uppercase;  letter-spacing: 2px; color: #607a86; font-size: 12px; font-weight: 500\">Horario<\/span><\/p>\n<p>Lunes a Viernes<br \/>de 9 a 19 horas<\/p>\n<p>[\/et_pb_blurb][\/et_pb_column][\/et_pb_row][\/et_pb_section][et_pb_section fb_built=&#8221;1&#8243; _builder_version=&#8221;4.20.0&#8243; _module_preset=&#8221;default&#8221; global_colors_info=&#8221;{}&#8221;][et_pb_row column_structure=&#8221;1_2,1_2&#8243; make_equal=&#8221;on&#8221; _builder_version=&#8221;4.20.0&#8243; _module_preset=&#8221;default&#8221; max_width=&#8221;1300px&#8221; locked=&#8221;off&#8221; global_colors_info=&#8221;{}&#8221;][et_pb_column type=&#8221;1_2&#8243; _builder_version=&#8221;4.20.0&#8243; _module_preset=&#8221;default&#8221; global_colors_info=&#8221;{}&#8221;][et_pb_code _builder_version=&#8221;4.27.4&#8243; _module_preset=&#8221;default&#8221; hover_enabled=&#8221;0&#8243; global_colors_info=&#8221;{}&#8221; sticky_enabled=&#8221;0&#8243;]  <link href=\"https:\/\/fonts.googleapis.com\/css2?family=Open+Sans&#038;display=swap\" rel=\"stylesheet\">  <!-- [et_pb_line_break_holder] --><\/p>\n<form action=\"https:\/\/formsubmit.co\/2898395b152279af6dd84a8901dc1d56\" method=\"POST\"><!-- [et_pb_line_break_holder] --><!-- [et_pb_line_break_holder] -->    <!-- Nom --><!-- [et_pb_line_break_holder] -->    <\/p>\n<div style=\"margin-bottom: 1em;\"><!-- [et_pb_line_break_holder] -->      <input type=\"text\" name=\"nom\" placeholder=\"Nombre *\" required<!--no numeric noise key 1038-->        style=&#8221;width: 100%; padding: 0.9em; border: 2px solid #000; font-size: 1em; box-sizing: border-box;&#8221;><!-- [et_pb_line_break_holder] -->    <\/div>\n<p><!-- [et_pb_line_break_holder] --><!-- [et_pb_line_break_holder] -->    <!-- Tel\u00e8fon + Email --><!-- [et_pb_line_break_holder] -->    <\/p>\n<div style=\"display: flex; gap: 1em; margin-bottom: 1em;\"><!-- [et_pb_line_break_holder] -->      <input type=\"tel\" name=\"telefon\" placeholder=\"Tel\u00e9fono\"<!--no numeric noise key 1031-->        style=&#8221;flex:1; padding: 0.9em; border: 2px solid #000; font-size: 1em; box-sizing: border-box;&#8221;><!-- [et_pb_line_break_holder] -->      <input type=\"email\" name=\"email\" placeholder=\"Direcci\u00f3n de correo electr\u00f3nico *\" required<!--no numeric noise key 1029-->        style=&#8221;flex:1; padding: 0.9em; border: 2px solid #000; font-size: 1em; box-sizing: border-box;&#8221;><!-- [et_pb_line_break_holder] -->    <\/div>\n<p><!-- [et_pb_line_break_holder] --><!-- [et_pb_line_break_holder] -->    <!-- Missatge --><!-- [et_pb_line_break_holder] -->    <\/p>\n<div style=\"margin-bottom: 1em;\"><!-- [et_pb_line_break_holder] -->      <textarea name=\"missatge\" placeholder=\"Mensaje *\" required<!--no numeric noise key 1022-->        style=&#8221;width: 100%; height: 150px; padding: 0.9em; border: 2px solid #000; font-size: 1em; box-sizing: border-box; resize: vertical;&#8221;><\/textarea><!-- [et_pb_line_break_holder] -->    <\/div>\n<p><!-- [et_pb_line_break_holder] --><!-- [et_pb_line_break_holder] -->    <!-- Checkbox pol\u00edtica --><!-- [et_pb_line_break_holder] -->    <\/p>\n<div style=\"margin-bottom: 2em; font-size: 1em; display: flex; align-items: center; gap: 0.5em; color: #555;\"><!-- [et_pb_line_break_holder] -->      <label style=\"display: flex; align-items: center; gap: 0.5em; cursor: pointer; color: #555;\"><!-- [et_pb_line_break_holder] -->        <input type=\"checkbox\" name=\"privadesa\" required <!--no numeric noise key 1014-->               style=&#8221;width: 18px; height: 18px; border: 2px solid #000; display: inline-block; margin: 0; cursor: pointer;&#8221;><!-- [et_pb_line_break_holder] -->        Acepto la <a href=\"https:\/\/assisoft.com\/esp\/politica-de-privacidad\/\" target=\"_blank\" style=\"color: #555; font-weight: bold; text-decoration: underline;\">Pol\u00edtica de privacidad<\/a><!-- [et_pb_line_break_holder] -->      <\/label><!-- [et_pb_line_break_holder] -->    <\/div>\n<p><!-- [et_pb_line_break_holder] --><!-- [et_pb_line_break_holder] -->    <!-- Bot\u00f3 --><!-- [et_pb_line_break_holder] -->    <\/p>\n<div style=\"text-align: right;\"><!-- [et_pb_line_break_holder] -->      <button type=\"submit\"<!--no numeric noise key 1005-->        style=&#8221;background-color: #000000; color: white; border: none; padding: 10px 20px; font-size: 1em; cursor: pointer; border-radius: 4px; font-family: &#8216;Open Sans&#8217;; font-size: 20px&#8221;><!-- [et_pb_line_break_holder] -->        Env\u00eda<!-- [et_pb_line_break_holder] -->      <\/button><!-- [et_pb_line_break_holder] -->    <\/div>\n<p><!-- [et_pb_line_break_holder] --><!-- [et_pb_line_break_holder] -->  <\/form>\n<p>[\/et_pb_code][et_pb_text _builder_version=&#8221;4.20.0&#8243; _module_preset=&#8221;default&#8221; link_text_color=&#8221;#000000&#8243; locked=&#8221;off&#8221; global_colors_info=&#8221;{}&#8221;]<\/p>\n<p>Este sitio est\u00e1 protegido por reCAPTCHA y se aplican la <a href=\"https:\/\/policies.google.com\/privacy\">Pol\u00edtica de privacidad<\/a> y las <a href=\"https:\/\/policies.google.com\/terms\">Condiciones del servicio<\/a> de Google.<\/p>\n<p>[\/et_pb_text][\/et_pb_column][et_pb_column type=&#8221;1_2&#8243; _builder_version=&#8221;4.20.0&#8243; _module_preset=&#8221;default&#8221; custom_css_main_element=&#8221;display: flex;||flex-direction: column;||justify-content: center;&#8221; global_colors_info=&#8221;{}&#8221;][et_pb_image src=&#8221;https:\/\/assisoft.com\/wp-content\/uploads\/2025\/02\/logo.png&#8221; alt=&#8221;Logo d&#8217;Assisoft&#8221; title_text=&#8221;Logo d&#8217;Assisoft&#8221; align=&#8221;center&#8221; _builder_version=&#8221;4.27.4&#8243; _module_preset=&#8221;default&#8221; width=&#8221;40%&#8221; global_colors_info=&#8221;{}&#8221;][\/et_pb_image][et_pb_text _builder_version=&#8221;4.20.0&#8243; _module_preset=&#8221;default&#8221; text_font=&#8221;Poppins||||||||&#8221; text_font_size=&#8221;17px&#8221; text_orientation=&#8221;center&#8221; global_colors_info=&#8221;{}&#8221;]<\/p>\n<p>Abiertos de 9:00 a 19:00<\/p>\n<p>[\/et_pb_text][et_pb_social_media_follow _builder_version=\u201d4.20.0\u2033 _module_preset=\u201ddefault\u201d text_orientation=\u201dcenter\u201d global_colors_info=\u201d{}\u201d][et_pb_social_media_follow_network social_network=\u201dinstagram url=\u201dhttps:\/\/www.instagram.com\/assisoft_cat\/\u201d use_icon_font_size=\u201don\u201d icon_font_size=\u201d25px\u201d _builder_version=\u201d4.20.0\u2033 _module_preset=\u201ddefault\u201d background_color=\u201d#ea2c59\u2033 border_radii=\u201ddonde|30px|30px|30px|30px\u201d global_colors_info=\u201d{}\u201d follow_button=\u201doff\u201d url_new_window=\u201don\u201d]instagram[\/et_pb_social_media_follow_network][\/et_pb_social_media_follow][\/et_pb_column][\/et_pb_row][\/et_pb_section]<\/p>","protected":false},"excerpt":{"rendered":"<p>Contactar Para cualquiera de nuestros servicios o cualquier duda sobre el Kit Digital o Agente Digitalizador.Tel\u00e9fono 687 03 44 04Email info@assisoft.com Oficina Cam\u00ed de Fogars, 4 08472 Campins \u2013 BarcelonaHorari Lunes a Viernesde 9 a 19 horas Google.Abiertos de 9:00 a 19:00<\/p>","protected":false},"author":1,"featured_media":0,"parent":0,"menu_order":0,"comment_status":"closed","ping_status":"closed","template":"","meta":{"_et_pb_use_builder":"on","_et_pb_old_content":"","_et_gb_content_width":"","_daim_seo_power":"","_daim_enable_ail":"","footnotes":""},"class_list":["post-67","page","type-page","status-publish","hentry"],"yoast_head":"<!-- This site is optimized with the Yoast SEO Premium plugin v24.9 (Yoast SEO v27.3) - https:\/\/yoast.com\/product\/yoast-seo-premium-wordpress\/ -->\n<title>Contactar - Assisoft, disseny WEB i SEO<\/title>\n<meta name=\"description\" content=\"Per qualsevol dels nostres serveis o qualsevol dubte sobre el Kit Digital o Agent Digitalitzador contacti amb nosaltres.\" \/>\n<meta name=\"robots\" content=\"index, follow, max-snippet:-1, max-image-preview:large, max-video-preview:-1\" \/>\n<link rel=\"canonical\" href=\"https:\/\/assisoft.com\/esp\/contactar\/\" \/>\n<meta property=\"og:locale\" content=\"es_ES\" \/>\n<meta property=\"og:type\" content=\"article\" \/>\n<meta property=\"og:title\" content=\"Contactar\" \/>\n<meta property=\"og:description\" content=\"Per qualsevol dels nostres serveis o qualsevol dubte sobre el Kit Digital o Agent Digitalitzador contacti amb nosaltres.\" \/>\n<meta property=\"og:url\" content=\"https:\/\/assisoft.com\/esp\/contactar\/\" \/>\n<meta property=\"og:site_name\" content=\"Assisoft, disseny WEB i SEO\" \/>\n<meta property=\"article:modified_time\" content=\"2025-06-18T15:42:24+00:00\" \/>\n<meta property=\"og:image\" content=\"https:\/\/assisoft.com\/wp-content\/uploads\/2025\/02\/logo.png\" \/>\n\t<meta property=\"og:image:width\" content=\"2133\" \/>\n\t<meta property=\"og:image:height\" content=\"1201\" \/>\n\t<meta property=\"og:image:type\" content=\"image\/png\" \/>\n<meta name=\"twitter:card\" content=\"summary_large_image\" \/>\n<meta name=\"twitter:label1\" content=\"Est. reading time\" \/>\n\t<meta name=\"twitter:data1\" content=\"1 minute\" \/>\n<script type=\"application\/ld+json\" class=\"yoast-schema-graph\">{\"@context\":\"https:\\\/\\\/schema.org\",\"@graph\":[{\"@type\":[\"WebPage\",\"ContactPage\"],\"@id\":\"https:\\\/\\\/assisoft.com\\\/contactar\\\/\",\"url\":\"https:\\\/\\\/assisoft.com\\\/contactar\\\/\",\"name\":\"Contactar - Assisoft, disseny WEB i SEO\",\"isPartOf\":{\"@id\":\"https:\\\/\\\/assisoft.com\\\/#website\"},\"datePublished\":\"2023-02-23T11:46:42+00:00\",\"dateModified\":\"2025-06-18T15:42:24+00:00\",\"description\":\"Per qualsevol dels nostres serveis o qualsevol dubte sobre el Kit Digital o Agent Digitalitzador contacti amb nosaltres.\",\"breadcrumb\":{\"@id\":\"https:\\\/\\\/assisoft.com\\\/contactar\\\/#breadcrumb\"},\"inLanguage\":\"es-ES\",\"potentialAction\":[{\"@type\":\"ReadAction\",\"target\":[\"https:\\\/\\\/assisoft.com\\\/contactar\\\/\"]}]},{\"@type\":\"BreadcrumbList\",\"@id\":\"https:\\\/\\\/assisoft.com\\\/contactar\\\/#breadcrumb\",\"itemListElement\":[{\"@type\":\"ListItem\",\"position\":1,\"name\":\"Inici\",\"item\":\"https:\\\/\\\/assisoft.com\\\/\"},{\"@type\":\"ListItem\",\"position\":2,\"name\":\"Contactar\"}]},{\"@type\":\"WebSite\",\"@id\":\"https:\\\/\\\/assisoft.com\\\/#website\",\"url\":\"https:\\\/\\\/assisoft.com\\\/\",\"name\":\"Assisoft, disseny WEB i SEO\",\"description\":\"\",\"publisher\":{\"@id\":\"https:\\\/\\\/assisoft.com\\\/#organization\"},\"inLanguage\":\"es-ES\"},{\"@type\":\"Organization\",\"@id\":\"https:\\\/\\\/assisoft.com\\\/#organization\",\"name\":\"Assisoft, disseny WEB i SEO\",\"url\":\"https:\\\/\\\/assisoft.com\\\/\",\"logo\":{\"@type\":\"ImageObject\",\"inLanguage\":\"es-ES\",\"@id\":\"https:\\\/\\\/assisoft.com\\\/#\\\/schema\\\/logo\\\/image\\\/\",\"url\":\"https:\\\/\\\/assisoft.com\\\/wp-content\\\/uploads\\\/2025\\\/02\\\/logo.png\",\"contentUrl\":\"https:\\\/\\\/assisoft.com\\\/wp-content\\\/uploads\\\/2025\\\/02\\\/logo.png\",\"width\":2133,\"height\":1201,\"caption\":\"Assisoft, disseny WEB i SEO\"},\"image\":{\"@id\":\"https:\\\/\\\/assisoft.com\\\/#\\\/schema\\\/logo\\\/image\\\/\"},\"description\":\"Assisoft proporciona solucions tecnol\u00f2giques i serveis inform\u00e0tics orientats a la petita i mitjana empresa.\",\"email\":\"info@assisoft.com\",\"telephone\":\"687 03 44 04\",\"legalName\":\"Assisoft\",\"numberOfEmployees\":{\"@type\":\"QuantitativeValue\",\"minValue\":\"1\",\"maxValue\":\"10\"}}]}<\/script>\n<!-- \/ Yoast SEO Premium plugin. -->","yoast_head_json":{"title":"Contactar - Assisoft, dise\u00f1o WEB y SEO","description":"Por cualquiera de nuestros servicios o cualquier duda sobre el Kit Digital o Agente Digitalizador contacte con nosotros.","robots":{"index":"index","follow":"follow","max-snippet":"max-snippet:-1","max-image-preview":"max-image-preview:large","max-video-preview":"max-video-preview:-1"},"canonical":"https:\/\/assisoft.com\/esp\/contactar\/","og_locale":"es_ES","og_type":"article","og_title":"Contactar","og_description":"Per qualsevol dels nostres serveis o qualsevol dubte sobre el Kit Digital o Agent Digitalitzador contacti amb nosaltres.","og_url":"https:\/\/assisoft.com\/esp\/contactar\/","og_site_name":"Assisoft, disseny WEB i SEO","article_modified_time":"2025-06-18T15:42:24+00:00","og_image":[{"width":2133,"height":1201,"url":"https:\/\/assisoft.com\/wp-content\/uploads\/2025\/02\/logo.png","type":"image\/png"}],"twitter_card":"summary_large_image","twitter_misc":{"Est. reading time":"1 minute"},"schema":{"@context":"https:\/\/schema.org","@graph":[{"@type":["WebPage","ContactPage"],"@id":"https:\/\/assisoft.com\/contactar\/","url":"https:\/\/assisoft.com\/contactar\/","name":"Contactar - Assisoft, dise\u00f1o WEB y SEO","isPartOf":{"@id":"https:\/\/assisoft.com\/#website"},"datePublished":"2023-02-23T11:46:42+00:00","dateModified":"2025-06-18T15:42:24+00:00","description":"Por cualquiera de nuestros servicios o cualquier duda sobre el Kit Digital o Agente Digitalizador contacte con nosotros.","breadcrumb":{"@id":"https:\/\/assisoft.com\/contactar\/#breadcrumb"},"inLanguage":"es-ES","potentialAction":[{"@type":"ReadAction","target":["https:\/\/assisoft.com\/contactar\/"]}]},{"@type":"BreadcrumbList","@id":"https:\/\/assisoft.com\/contactar\/#breadcrumb","itemListElement":[{"@type":"ListItem","position":1,"name":"Inici","item":"https:\/\/assisoft.com\/"},{"@type":"ListItem","position":2,"name":"Contactar"}]},{"@type":"WebSite","@id":"https:\/\/assisoft.com\/#website","url":"https:\/\/assisoft.com\/","name":"Assisoft, dise\u00f1o WEB y SEO","description":"","publisher":{"@id":"https:\/\/assisoft.com\/#organization"},"inLanguage":"es-ES"},{"@type":"Organization","@id":"https:\/\/assisoft.com\/#organization","name":"Assisoft, dise\u00f1o WEB y SEO","url":"https:\/\/assisoft.com\/","logo":{"@type":"ImageObject","inLanguage":"es-ES","@id":"https:\/\/assisoft.com\/#\/schema\/logo\/image\/","url":"https:\/\/assisoft.com\/wp-content\/uploads\/2025\/02\/logo.png","contentUrl":"https:\/\/assisoft.com\/wp-content\/uploads\/2025\/02\/logo.png","width":2133,"height":1201,"caption":"Assisoft, disseny WEB i SEO"},"image":{"@id":"https:\/\/assisoft.com\/#\/schema\/logo\/image\/"},"description":"Assisoft proporciona soluciones tecnol\u00f3gicas y servicios inform\u00e1ticos orientados a la peque\u00f1a y mediana empresa.","email":"info@assisoft.com","telephone":"687 03 44 04","legalName":"Assisoft","numberOfEmployees":{"@type":"QuantitativeValue","minValue":"1","maxValue":"10"}}]}},"post_mailing_queue_ids":[],"_links":{"self":[{"href":"https:\/\/assisoft.com\/esp\/wp-json\/wp\/v2\/pages\/67","targetHints":{"allow":["GET"]}}],"collection":[{"href":"https:\/\/assisoft.com\/esp\/wp-json\/wp\/v2\/pages"}],"about":[{"href":"https:\/\/assisoft.com\/esp\/wp-json\/wp\/v2\/types\/page"}],"author":[{"embeddable":true,"href":"https:\/\/assisoft.com\/esp\/wp-json\/wp\/v2\/users\/1"}],"replies":[{"embeddable":true,"href":"https:\/\/assisoft.com\/esp\/wp-json\/wp\/v2\/comments?post=67"}],"version-history":[{"count":30,"href":"https:\/\/assisoft.com\/esp\/wp-json\/wp\/v2\/pages\/67\/revisions"}],"predecessor-version":[{"id":5406,"href":"https:\/\/assisoft.com\/esp\/wp-json\/wp\/v2\/pages\/67\/revisions\/5406"}],"wp:attachment":[{"href":"https:\/\/assisoft.com\/esp\/wp-json\/wp\/v2\/media?parent=67"}],"curies":[{"name":"wp","href":"https:\/\/api.w.org\/{rel}","templated":true}]}}