{"id":773,"date":"2024-06-25T12:00:07","date_gmt":"2024-06-25T12:00:07","guid":{"rendered":"https:\/\/elteukitdigital.cat\/assisoft-nova\/?page_id=773"},"modified":"2024-06-26T06:36:18","modified_gmt":"2024-06-26T06:36:18","slug":"politica-de-redes-sociales","status":"publish","type":"page","link":"https:\/\/assisoft.com\/esp\/politica-de-redes-sociales\/","title":{"rendered":"Pol\u00edtica de redes sociales"},"content":{"rendered":"<h2 class=\"wp-block-heading\">1. INFORMACI\u00d3N A LA PERSONA USUARIA<\/h2>\n\n\n\n<p><strong>\u00bfQui\u00e9n es el responsable del tratamiento de sus datos personales?<\/strong><\/p>\n\n\n\n<p>Assisoft ser\u00e1 el responsable del tratamiento de los datos personales de aquellas PERSONAS que hayan procedido a crear un perfil en cualquiera de sus redes sociales. Las mismas ser\u00e1n tratadas de conformidad con lo dispuesto en el Reglamento (UE) 2016\/679, de 27 de abril (GDPR), la Ley org\u00e1nica 3\/2018, de 5 de diciembre (LOPDGDD), y la Ley de Servicios de la Sociedad de la Informaci\u00f3n y Comercio Electr\u00f3nico (LSSI), facilitando la siguiente informaci\u00f3n del tratamiento:<\/p>\n\n\n\n<p><strong>\u00bfPara qu\u00e9 tratamos sus datos personales?<\/strong><\/p>\n\n\n\n<p>Finalidad del tratamiento: para mantener una relaci\u00f3n entre la PERSONA USUARIA y Assisoft (en adelante el RESPONSABLE) que puede incluir las siguientes operaciones:<\/p>\n\n\n\n<ul class=\"wp-block-list\">\n<li>Tramitar solicitudes y consultas planteadas al responsable<\/li>\n\n\n\n<li>Informar sobre actividades y eventos organizados por el responsable<\/li>\n\n\n\n<li>Informar sobre productos o servicios ofrecidos por el responsable<\/li>\n\n\n\n<li>Interactuar a trav\u00e9s de los perfiles oficiales<\/li>\n<\/ul>\n\n\n\n<p>Cuando el RESPONSABLE recopile y trate datos personales a trav\u00e9s de sus redes sociales, las PERSONAS USUARIAS ser\u00e1n informadas sobre la finalidad de la recopilaci\u00f3n de datos, as\u00ed como sobre sus derechos en relaci\u00f3n con sus datos personales. Los datos personales se utilizar\u00e1n \u00fanicamente para los fines indicados y se mantendr\u00e1n de forma segura.<\/p>\n\n\n\n<p><strong>Base Jur\u00eddica del Tratamiento:<\/strong> el consentimiento expl\u00edcito otorgado por la PERSONA USUARIA para el tratamiento de sus datos personales para uno o varios fines espec\u00edficos (art\u00edculo 6.1.a GDPR).<\/p>\n\n\n\n<p>Por otra parte, la PERSONA USUARIA puede acceder en todo momento a las pol\u00edticas de privacidad de la propia red social, as\u00ed como configurar su perfil para garantizar su privacidad.<\/p>\n\n\n\n<p><strong>\u00bfDurante cu\u00e1nto tiempo guardaremos sus datos personales?<\/strong><\/p>\n\n\n\n<p><strong>Criterios de conservaci\u00f3n de los datos:<\/strong> se conservar\u00e1n mientras la PERSONA USUARIA no revoque el consentimiento prestado tal y como se indica en esta pol\u00edtica de privacidad.<\/p>\n\n\n\n<p><strong>\u00bfA qui\u00e9n facilitamos sus datos personales?<\/strong><\/p>\n\n\n\n<p><strong>Comunicaci\u00f3n de los datos:<\/strong> la informaci\u00f3n facilitada por la PERSONA USUARIA a trav\u00e9s de las redes sociales del RESPONSABLE, incluidos sus datos personales, puede ser publicada, siempre en funci\u00f3n de los servicios que utilice la PERSONA USUARIA. Por ello, podr\u00e1 quedar a disposici\u00f3n p\u00fablica de otros terceros usuarios de las redes sociales. Desde el perfil de cada red social, la PERSONA USUARIA puede configurar qu\u00e9 informaci\u00f3n desea hacer p\u00fablica en cada caso, ver los permisos que se han concedido, eliminarlos o desactivarlos, como cualquier aplicaci\u00f3n de un tercero que ya no se desea utilizar.<\/p>\n\n\n\n<p>Sin embargo, no est\u00e1 prevista ninguna comunicaci\u00f3n de datos personales a terceros fuera de la red social, excepto, si fuera imprescindible para el desarrollo y ejecuci\u00f3n de los fines del tratamiento, a nuestros proveedores de servicios relacionados con comunicaciones, con los que el RESPONSABLE tiene suscritos los contratos de confidencialidad y encargado de tratamiento exigidos por la normativa vigente de privacidad.<\/p>\n\n\n\n<p><strong>\u00bfCu\u00e1les son sus derechos?<\/strong><\/p>\n\n\n\n<p><strong>Derechos que asisten a la PERSONA USUARIA:<\/strong> s\u00f3lo podr\u00e1n satisfacerse en relaci\u00f3n con aquella informaci\u00f3n que se encuentre bajo el control del RESPONSABLE.<\/p>\n\n\n\n<ul class=\"wp-block-list\">\n<li>Derecho a retirar su consentimiento en cualquier momento.<\/li>\n\n\n\n<li>Derecho de acceso, rectificaci\u00f3n, portabilidad y supresi\u00f3n de sus datos, y de limitaci\u00f3n u oposici\u00f3n a su tratamiento.<\/li>\n\n\n\n<li>Derecho a presentar reclamaci\u00f3n ante la autoridad de control (www.aepd.es) si considera que el tratamiento no se ajusta a la normativa vigente.<\/li>\n<\/ul>\n\n\n\n<p>Datos de contacto para ejercer sus derechos:<\/p>\n\n\n\n<p>Assisoft - Cam\u00ed de Fogars, 4, 08472 Campins - Barcelona. E-mail: info@assisoft.com<\/p>\n\n\n\n<p>La pol\u00edtica de privacidad completa est\u00e1 disponible en assisoft.com<\/p>\n\n\n\n<h2 class=\"wp-block-heading\">2. UTILIZACI\u00d3N DEL PERFIL<\/h2>\n\n\n\n<p>El RESPONSABLE realizar\u00e1 las siguientes actuaciones:<\/p>\n\n\n\n<ul class=\"wp-block-list\">\n<li>Acceso a la informaci\u00f3n p\u00fablica del perfil.<\/li>\n\n\n\n<li>Publicaci\u00f3n en el perfil de PERSONA USUARIA de toda aquella informaci\u00f3n ya publicada en la red social del RESPONSABLE.<\/li>\n\n\n\n<li>Enviar mensajes personales e individuales a trav\u00e9s de los canales de la red social.<\/li>\n\n\n\n<li>Actualizaciones del estado de la p\u00e1gina que se publicar\u00e1n en el perfil de PERSONA USUARIA.<\/li>\n<\/ul>\n\n\n\n<p>La PERSONA USUARIA siempre puede controlar sus conexiones, eliminar los contenidos que dejen de interesarle y restringir con quien comparte sus conexiones; para ello deber\u00e1 acceder a su configuraci\u00f3n en la que encontrar\u00e1 diferentes posibilidades de configuraci\u00f3n en relaci\u00f3n al grado de privacidad del perfil de usuario en la red social.<\/p>\n\n\n\n<h2 class=\"wp-block-heading\">3. PUBLICACIONES<\/h2>\n\n\n\n<p>El objeto de las redes sociales es dar visibilidad y difusi\u00f3n a las actividades que desarrolla el RESPONSABLE. Estas herramientas almacenan datos personales en los servidores de sus respectivos servicios y se rigen por su propia pol\u00edtica de privacidad.<\/p>\n\n\n\n<p>La PERSONA USUARIA, una vez sea seguidora o se haya unido a la red social del RESPONSABLE, podr\u00e1 publicar en \u00e9sta, comentarios, enlaces, im\u00e1genes, fotograf\u00edas o cualquier otro tipo de contenido multimedia soportado por \u00e9sta. La PERSONA USUARIA en todos los casos, debe ser la titular del contenido publicado, gozar de los derechos de autor y de propiedad intelectual o contar con el consentimiento de los terceros afectados.<\/p>\n\n\n\n<p>Se proh\u00edbe expresamente cualquier publicaci\u00f3n en la red social, ya sean textos, gr\u00e1ficos, fotograf\u00edas, v\u00eddeos, etc. que atenten o sean susceptibles de atentar contra la moral, la \u00e9tica, el buen gusto o el decoro, y\/o que infrinjan, violen o infrinjan los derechos de propiedad intelectual o industrial, el derecho a la imagen o la ley . No se tolerar\u00e1n comentarios o contenido ofensivo, difamatorio, ilegal o inapropiado en los perfiles de la empresa. La Empresa se reserva el derecho de eliminar estos comentarios o contenido y bloquear a los usuarios responsables.<\/p>\n\n\n\n<p>En estos casos, el RESPONSABLE se reserva el derecho a retirar de inmediato el contenido, sin comunicaci\u00f3n previa, pudiendo solicitar el bloqueo permanente de la PERSONA USUARIA.<\/p>\n\n\n\n<p>El RESPONSABLE no se har\u00e1 responsable de los contenidos que libremente ha publicado la PERSONA USUARIA.<\/p>\n\n\n\n<p>La PERSONA USUARIA debe tener presente que sus publicaciones ser\u00e1n conocidas por otros usuarios, por lo que \u00e9l mismo es el principal responsable de su privacidad.<\/p>\n\n\n\n<p>Las im\u00e1genes que puedan publicarse en la red social no ser\u00e1n almacenadas en ning\u00fan archivo por parte del RESPONSABLE, pero s\u00ed que permanecer\u00e1n en la red social.<\/p>\n\n\n\n<h2 class=\"wp-block-heading\">4. DATOS DE MENORES DE EDAD O PERSONAS CON CAPACIDADES ESPECIALES<\/h2>\n\n\n\n<p>Se recomienda la revisi\u00f3n y lectura de las condiciones de uso y pol\u00edtica de privacidad de cada red social en el momento de registro, teniendo en cuenta los diferentes requisitos de edad para su realizaci\u00f3n.<\/p>\n\n\n\n<p>Asimismo, el RESPONSABLE quedar\u00e1 expresamente exonerado de cualquier responsabilidad que pudiera derivarse del uso de las redes sociales por parte de menores o personas con capacidades especiales y cuyo acceso deber\u00eda realizarse bajo la supervisi\u00f3n y control de los suyos representantes legales.<\/p>\n\n\n\n<p>El RESPONSABLE se reserva el derecho a modificar esta pol\u00edtica en cualquier momento. Los cambios ser\u00e1n comunicados a trav\u00e9s de nuestros perfiles de redes sociales y\/o nuestro sitio web.<\/p>","protected":false},"excerpt":{"rendered":"<p>1. INFORMACI\u00d3N A LA PERSONA USUARIA \u00bfQui\u00e9n es el responsable del tratamiento de sus datos personales? Assisoft ser\u00e1 el responsable del tratamiento de los datos personales de aquellas PERSONAS que han procedido a crear un perfil en cualquiera de sus redes sociales. Las mismas ser\u00e1n tratadas de conformidad con lo dispuesto en [\u2026]<\/p>","protected":false},"author":1,"featured_media":0,"parent":0,"menu_order":0,"comment_status":"closed","ping_status":"closed","template":"","meta":{"_et_pb_use_builder":"off","_et_pb_old_content":"","_et_gb_content_width":"1080","_daim_seo_power":"","_daim_enable_ail":"","footnotes":""},"class_list":["post-773","page","type-page","status-publish","hentry"],"yoast_head":"<!-- This site is optimized with the Yoast SEO Premium plugin v24.9 (Yoast SEO v27.3) - https:\/\/yoast.com\/product\/yoast-seo-premium-wordpress\/ -->\n<title>Pol\u00edtica de xarxes socials - Assisoft, disseny WEB i SEO<\/title>\n<meta name=\"robots\" content=\"noindex, follow\" \/>\n<meta property=\"og:locale\" content=\"es_ES\" \/>\n<meta property=\"og:type\" content=\"article\" \/>\n<meta property=\"og:title\" content=\"Pol\u00edtica de xarxes socials\" \/>\n<meta property=\"og:description\" content=\"1. INFORMACI\u00d3 A LA PERSONA USU\u00c0RIA Qui \u00e9s el responsable del tractament de les seves dades personals? Assisoft ser\u00e0 el responsable del tractament de les dades personals d\u2019aquelles PERSONES que han procedit a crear un perfil en qualsevol de les seves xarxes socials. Les mateixes seran tractades de conformitat amb el que es disposa en [&hellip;]\" \/>\n<meta property=\"og:url\" content=\"https:\/\/assisoft.com\/esp\/politica-de-redes-sociales\/\" \/>\n<meta property=\"og:site_name\" content=\"Assisoft, disseny WEB i SEO\" \/>\n<meta property=\"article:modified_time\" content=\"2024-06-26T06:36:18+00:00\" \/>\n<meta property=\"og:image\" content=\"https:\/\/assisoft.com\/wp-content\/uploads\/2025\/02\/logo.png\" \/>\n\t<meta property=\"og:image:width\" content=\"2133\" \/>\n\t<meta property=\"og:image:height\" content=\"1201\" \/>\n\t<meta property=\"og:image:type\" content=\"image\/png\" \/>\n<meta name=\"twitter:card\" content=\"summary_large_image\" \/>\n<meta name=\"twitter:label1\" content=\"Est. reading time\" \/>\n\t<meta name=\"twitter:data1\" content=\"6 minutes\" \/>\n<script type=\"application\/ld+json\" class=\"yoast-schema-graph\">{\"@context\":\"https:\\\/\\\/schema.org\",\"@graph\":[{\"@type\":\"WebPage\",\"@id\":\"https:\\\/\\\/assisoft.com\\\/politica-de-xarxes-socials\\\/\",\"url\":\"https:\\\/\\\/assisoft.com\\\/politica-de-xarxes-socials\\\/\",\"name\":\"Pol\u00edtica de xarxes socials - Assisoft, disseny WEB i SEO\",\"isPartOf\":{\"@id\":\"https:\\\/\\\/assisoft.com\\\/#website\"},\"datePublished\":\"2024-06-25T12:00:07+00:00\",\"dateModified\":\"2024-06-26T06:36:18+00:00\",\"breadcrumb\":{\"@id\":\"https:\\\/\\\/assisoft.com\\\/politica-de-xarxes-socials\\\/#breadcrumb\"},\"inLanguage\":\"es-ES\",\"potentialAction\":[{\"@type\":\"ReadAction\",\"target\":[\"https:\\\/\\\/assisoft.com\\\/politica-de-xarxes-socials\\\/\"]}]},{\"@type\":\"BreadcrumbList\",\"@id\":\"https:\\\/\\\/assisoft.com\\\/politica-de-xarxes-socials\\\/#breadcrumb\",\"itemListElement\":[{\"@type\":\"ListItem\",\"position\":1,\"name\":\"Inici\",\"item\":\"https:\\\/\\\/assisoft.com\\\/\"},{\"@type\":\"ListItem\",\"position\":2,\"name\":\"Pol\u00edtica de xarxes socials\"}]},{\"@type\":\"WebSite\",\"@id\":\"https:\\\/\\\/assisoft.com\\\/#website\",\"url\":\"https:\\\/\\\/assisoft.com\\\/\",\"name\":\"Assisoft, disseny WEB i SEO\",\"description\":\"\",\"publisher\":{\"@id\":\"https:\\\/\\\/assisoft.com\\\/#organization\"},\"inLanguage\":\"es-ES\"},{\"@type\":\"Organization\",\"@id\":\"https:\\\/\\\/assisoft.com\\\/#organization\",\"name\":\"Assisoft, disseny WEB i SEO\",\"url\":\"https:\\\/\\\/assisoft.com\\\/\",\"logo\":{\"@type\":\"ImageObject\",\"inLanguage\":\"es-ES\",\"@id\":\"https:\\\/\\\/assisoft.com\\\/#\\\/schema\\\/logo\\\/image\\\/\",\"url\":\"https:\\\/\\\/assisoft.com\\\/wp-content\\\/uploads\\\/2025\\\/02\\\/logo.png\",\"contentUrl\":\"https:\\\/\\\/assisoft.com\\\/wp-content\\\/uploads\\\/2025\\\/02\\\/logo.png\",\"width\":2133,\"height\":1201,\"caption\":\"Assisoft, disseny WEB i SEO\"},\"image\":{\"@id\":\"https:\\\/\\\/assisoft.com\\\/#\\\/schema\\\/logo\\\/image\\\/\"},\"description\":\"Assisoft proporciona solucions tecnol\u00f2giques i serveis inform\u00e0tics orientats a la petita i mitjana empresa.\",\"email\":\"info@assisoft.com\",\"telephone\":\"687 03 44 04\",\"legalName\":\"Assisoft\",\"numberOfEmployees\":{\"@type\":\"QuantitativeValue\",\"minValue\":\"1\",\"maxValue\":\"10\"}}]}<\/script>\n<!-- \/ Yoast SEO Premium plugin. -->","yoast_head_json":{"title":"Pol\u00edtica de redes sociales - Assisoft, dise\u00f1o WEB y SEO","robots":{"index":"noindex","follow":"follow"},"og_locale":"es_ES","og_type":"article","og_title":"Pol\u00edtica de xarxes socials","og_description":"1. INFORMACI\u00d3 A LA PERSONA USU\u00c0RIA Qui \u00e9s el responsable del tractament de les seves dades personals? Assisoft ser\u00e0 el responsable del tractament de les dades personals d\u2019aquelles PERSONES que han procedit a crear un perfil en qualsevol de les seves xarxes socials. Les mateixes seran tractades de conformitat amb el que es disposa en [&hellip;]","og_url":"https:\/\/assisoft.com\/esp\/politica-de-redes-sociales\/","og_site_name":"Assisoft, disseny WEB i SEO","article_modified_time":"2024-06-26T06:36:18+00:00","og_image":[{"width":2133,"height":1201,"url":"https:\/\/assisoft.com\/wp-content\/uploads\/2025\/02\/logo.png","type":"image\/png"}],"twitter_card":"summary_large_image","twitter_misc":{"Est. reading time":"6 minutes"},"schema":{"@context":"https:\/\/schema.org","@graph":[{"@type":"WebPage","@id":"https:\/\/assisoft.com\/politica-de-xarxes-socials\/","url":"https:\/\/assisoft.com\/politica-de-xarxes-socials\/","name":"Pol\u00edtica de redes sociales - Assisoft, dise\u00f1o WEB y SEO","isPartOf":{"@id":"https:\/\/assisoft.com\/#website"},"datePublished":"2024-06-25T12:00:07+00:00","dateModified":"2024-06-26T06:36:18+00:00","breadcrumb":{"@id":"https:\/\/assisoft.com\/politica-de-xarxes-socials\/#breadcrumb"},"inLanguage":"es-ES","potentialAction":[{"@type":"ReadAction","target":["https:\/\/assisoft.com\/politica-de-xarxes-socials\/"]}]},{"@type":"BreadcrumbList","@id":"https:\/\/assisoft.com\/politica-de-xarxes-socials\/#breadcrumb","itemListElement":[{"@type":"ListItem","position":1,"name":"Inici","item":"https:\/\/assisoft.com\/"},{"@type":"ListItem","position":2,"name":"Pol\u00edtica de xarxes socials"}]},{"@type":"WebSite","@id":"https:\/\/assisoft.com\/#website","url":"https:\/\/assisoft.com\/","name":"Assisoft, dise\u00f1o WEB y SEO","description":"","publisher":{"@id":"https:\/\/assisoft.com\/#organization"},"inLanguage":"es-ES"},{"@type":"Organization","@id":"https:\/\/assisoft.com\/#organization","name":"Assisoft, dise\u00f1o WEB y SEO","url":"https:\/\/assisoft.com\/","logo":{"@type":"ImageObject","inLanguage":"es-ES","@id":"https:\/\/assisoft.com\/#\/schema\/logo\/image\/","url":"https:\/\/assisoft.com\/wp-content\/uploads\/2025\/02\/logo.png","contentUrl":"https:\/\/assisoft.com\/wp-content\/uploads\/2025\/02\/logo.png","width":2133,"height":1201,"caption":"Assisoft, disseny WEB i SEO"},"image":{"@id":"https:\/\/assisoft.com\/#\/schema\/logo\/image\/"},"description":"Assisoft proporciona soluciones tecnol\u00f3gicas y servicios inform\u00e1ticos orientados a la peque\u00f1a y mediana empresa.","email":"info@assisoft.com","telephone":"687 03 44 04","legalName":"Assisoft","numberOfEmployees":{"@type":"QuantitativeValue","minValue":"1","maxValue":"10"}}]}},"post_mailing_queue_ids":[],"_links":{"self":[{"href":"https:\/\/assisoft.com\/esp\/wp-json\/wp\/v2\/pages\/773","targetHints":{"allow":["GET"]}}],"collection":[{"href":"https:\/\/assisoft.com\/esp\/wp-json\/wp\/v2\/pages"}],"about":[{"href":"https:\/\/assisoft.com\/esp\/wp-json\/wp\/v2\/types\/page"}],"author":[{"embeddable":true,"href":"https:\/\/assisoft.com\/esp\/wp-json\/wp\/v2\/users\/1"}],"replies":[{"embeddable":true,"href":"https:\/\/assisoft.com\/esp\/wp-json\/wp\/v2\/comments?post=773"}],"version-history":[{"count":2,"href":"https:\/\/assisoft.com\/esp\/wp-json\/wp\/v2\/pages\/773\/revisions"}],"predecessor-version":[{"id":775,"href":"https:\/\/assisoft.com\/esp\/wp-json\/wp\/v2\/pages\/773\/revisions\/775"}],"wp:attachment":[{"href":"https:\/\/assisoft.com\/esp\/wp-json\/wp\/v2\/media?parent=773"}],"curies":[{"name":"wp","href":"https:\/\/api.w.org\/{rel}","templated":true}]}}